{"id":7055,"date":"2025-03-24T21:30:42","date_gmt":"2025-03-24T21:30:42","guid":{"rendered":"https:\/\/dev.kokulisworld.com\/?post_type=product&#038;p=7055"},"modified":"2025-12-17T12:38:15","modified_gmt":"2025-12-17T12:38:15","slug":"diablo-del-timanfaya-pequeno-en-plata","status":"publish","type":"product","link":"https:\/\/www.kokulisworld.com\/en\/product\/diablo-del-timanfaya-pequeno-en-plata\/","title":{"rendered":"Diablo del Timanfaya peque\u00f1o en plata"},"content":{"rendered":"","protected":false},"excerpt":{"rendered":"<p>\u200bColgante artesanal, realizado en Lanzarote y con figura del Diablo del Timanfaya. Es el s\u00edmbolo creado por el gran artista C\u00e9sar Manrique a protecci\u00f3n de su querida isla.<\/p>\n<p>Alto 2,5cm<\/p>\n","protected":false},"featured_media":7056,"template":"","meta":[],"product_cat":[80,75],"product_tag":[],"class_list":{"0":"post-7055","1":"product","2":"type-product","3":"status-publish","4":"has-post-thumbnail","6":"product_cat-diablo-de-timanfaya","7":"product_cat-simbolos","8":"pa_caracteristicas-hecho-a-mano","9":"pa_material-plata","11":"first","12":"outofstock","13":"shipping-taxable","14":"purchasable","15":"product-type-simple"},"yoast_head":"<!-- This site is optimized with the Yoast SEO plugin v26.6 - https:\/\/yoast.com\/wordpress\/plugins\/seo\/ -->\n<title>Diablo del Timanfaya peque\u00f1o en plata - Kokulis World<\/title>\n<meta name=\"robots\" content=\"index, follow, max-snippet:-1, max-image-preview:large, max-video-preview:-1\" \/>\n<link rel=\"canonical\" href=\"https:\/\/www.kokulisworld.com\/en\/product\/diablo-del-timanfaya-pequeno-en-plata\/\" \/>\n<meta property=\"og:locale\" content=\"en_US\" \/>\n<meta property=\"og:type\" content=\"article\" \/>\n<meta property=\"og:title\" content=\"Diablo del Timanfaya peque\u00f1o en plata - Kokulis World\" \/>\n<meta property=\"og:description\" content=\"\u200bColgante artesanal, realizado en Lanzarote y con figura del Diablo del Timanfaya. Es el s\u00edmbolo creado por el gran artista C\u00e9sar Manrique a protecci\u00f3n de su querida isla.  Alto 2,5cm\" \/>\n<meta property=\"og:url\" content=\"https:\/\/www.kokulisworld.com\/en\/product\/diablo-del-timanfaya-pequeno-en-plata\/\" \/>\n<meta property=\"og:site_name\" content=\"Kokulis World\" \/>\n<meta property=\"article:publisher\" content=\"https:\/\/www.facebook.com\/kokulisworld\" \/>\n<meta property=\"article:modified_time\" content=\"2025-12-17T12:38:15+00:00\" \/>\n<meta property=\"og:image\" content=\"https:\/\/www.kokulisworld.com\/wp-content\/uploads\/2025\/03\/diablo-del-timanfaya-pequeno-en-plata.jpg\" \/>\n\t<meta property=\"og:image:width\" content=\"2048\" \/>\n\t<meta property=\"og:image:height\" content=\"1866\" \/>\n\t<meta property=\"og:image:type\" content=\"image\/jpeg\" \/>\n<meta name=\"twitter:card\" content=\"summary_large_image\" \/>\n<meta name=\"twitter:label1\" content=\"Est. reading time\" \/>\n\t<meta name=\"twitter:data1\" content=\"1 minute\" \/>\n<script type=\"application\/ld+json\" class=\"yoast-schema-graph\">{\"@context\":\"https:\/\/schema.org\",\"@graph\":[{\"@type\":\"WebPage\",\"@id\":\"https:\/\/www.kokulisworld.com\/en\/product\/diablo-del-timanfaya-pequeno-en-plata\/\",\"url\":\"https:\/\/www.kokulisworld.com\/en\/product\/diablo-del-timanfaya-pequeno-en-plata\/\",\"name\":\"Diablo del Timanfaya peque\u00f1o en plata - Kokulis World\",\"isPartOf\":{\"@id\":\"https:\/\/www.kokulisworld.com\/en\/#website\"},\"primaryImageOfPage\":{\"@id\":\"https:\/\/www.kokulisworld.com\/en\/product\/diablo-del-timanfaya-pequeno-en-plata\/#primaryimage\"},\"image\":{\"@id\":\"https:\/\/www.kokulisworld.com\/en\/product\/diablo-del-timanfaya-pequeno-en-plata\/#primaryimage\"},\"thumbnailUrl\":\"https:\/\/www.kokulisworld.com\/wp-content\/uploads\/2025\/03\/diablo-del-timanfaya-pequeno-en-plata.jpg\",\"datePublished\":\"2025-03-24T21:30:42+00:00\",\"dateModified\":\"2025-12-17T12:38:15+00:00\",\"breadcrumb\":{\"@id\":\"https:\/\/www.kokulisworld.com\/en\/product\/diablo-del-timanfaya-pequeno-en-plata\/#breadcrumb\"},\"inLanguage\":\"en-US\",\"potentialAction\":[{\"@type\":\"ReadAction\",\"target\":[\"https:\/\/www.kokulisworld.com\/en\/product\/diablo-del-timanfaya-pequeno-en-plata\/\"]}]},{\"@type\":\"ImageObject\",\"inLanguage\":\"en-US\",\"@id\":\"https:\/\/www.kokulisworld.com\/en\/product\/diablo-del-timanfaya-pequeno-en-plata\/#primaryimage\",\"url\":\"https:\/\/www.kokulisworld.com\/wp-content\/uploads\/2025\/03\/diablo-del-timanfaya-pequeno-en-plata.jpg\",\"contentUrl\":\"https:\/\/www.kokulisworld.com\/wp-content\/uploads\/2025\/03\/diablo-del-timanfaya-pequeno-en-plata.jpg\",\"width\":2048,\"height\":1866},{\"@type\":\"BreadcrumbList\",\"@id\":\"https:\/\/www.kokulisworld.com\/en\/product\/diablo-del-timanfaya-pequeno-en-plata\/#breadcrumb\",\"itemListElement\":[{\"@type\":\"ListItem\",\"position\":1,\"name\":\"Portada\",\"item\":\"https:\/\/www.kokulisworld.com\/en\/\"},{\"@type\":\"ListItem\",\"position\":2,\"name\":\"Shop\",\"item\":\"https:\/\/www.kokulisworld.com\/shop\/\"},{\"@type\":\"ListItem\",\"position\":3,\"name\":\"Diablo del Timanfaya peque\u00f1o en plata\"}]},{\"@type\":\"WebSite\",\"@id\":\"https:\/\/www.kokulisworld.com\/en\/#website\",\"url\":\"https:\/\/www.kokulisworld.com\/en\/\",\"name\":\"Kokulis World\",\"description\":\"Tienda \u00e9tnica online, productos de artesan\u00edas del mundo\",\"publisher\":{\"@id\":\"https:\/\/www.kokulisworld.com\/en\/#organization\"},\"potentialAction\":[{\"@type\":\"SearchAction\",\"target\":{\"@type\":\"EntryPoint\",\"urlTemplate\":\"https:\/\/www.kokulisworld.com\/en\/?s={search_term_string}\"},\"query-input\":{\"@type\":\"PropertyValueSpecification\",\"valueRequired\":true,\"valueName\":\"search_term_string\"}}],\"inLanguage\":\"en-US\"},{\"@type\":\"Organization\",\"@id\":\"https:\/\/www.kokulisworld.com\/en\/#organization\",\"name\":\"Kokuli World\",\"url\":\"https:\/\/www.kokulisworld.com\/en\/\",\"logo\":{\"@type\":\"ImageObject\",\"inLanguage\":\"en-US\",\"@id\":\"https:\/\/www.kokulisworld.com\/en\/#\/schema\/logo\/image\/\",\"url\":\"https:\/\/www.kokulisworld.com\/wp-content\/uploads\/2025\/03\/logo-kokulis-world.png\",\"contentUrl\":\"https:\/\/www.kokulisworld.com\/wp-content\/uploads\/2025\/03\/logo-kokulis-world.png\",\"width\":440,\"height\":184,\"caption\":\"Kokuli World\"},\"image\":{\"@id\":\"https:\/\/www.kokulisworld.com\/en\/#\/schema\/logo\/image\/\"},\"sameAs\":[\"https:\/\/www.facebook.com\/kokulisworld\",\"https:\/\/www.instagram.com\/kokulisworld\/\"]}]}<\/script>\n<!-- \/ Yoast SEO plugin. -->","yoast_head_json":{"title":"Diablo del Timanfaya peque\u00f1o en plata - Kokulis World","robots":{"index":"index","follow":"follow","max-snippet":"max-snippet:-1","max-image-preview":"max-image-preview:large","max-video-preview":"max-video-preview:-1"},"canonical":"https:\/\/www.kokulisworld.com\/en\/product\/diablo-del-timanfaya-pequeno-en-plata\/","og_locale":"en_US","og_type":"article","og_title":"Diablo del Timanfaya peque\u00f1o en plata - Kokulis World","og_description":"\u200bColgante artesanal, realizado en Lanzarote y con figura del Diablo del Timanfaya. Es el s\u00edmbolo creado por el gran artista C\u00e9sar Manrique a protecci\u00f3n de su querida isla.  Alto 2,5cm","og_url":"https:\/\/www.kokulisworld.com\/en\/product\/diablo-del-timanfaya-pequeno-en-plata\/","og_site_name":"Kokulis World","article_publisher":"https:\/\/www.facebook.com\/kokulisworld","article_modified_time":"2025-12-17T12:38:15+00:00","og_image":[{"width":2048,"height":1866,"url":"https:\/\/www.kokulisworld.com\/wp-content\/uploads\/2025\/03\/diablo-del-timanfaya-pequeno-en-plata.jpg","type":"image\/jpeg"}],"twitter_card":"summary_large_image","twitter_misc":{"Est. reading time":"1 minute"},"schema":{"@context":"https:\/\/schema.org","@graph":[{"@type":"WebPage","@id":"https:\/\/www.kokulisworld.com\/en\/product\/diablo-del-timanfaya-pequeno-en-plata\/","url":"https:\/\/www.kokulisworld.com\/en\/product\/diablo-del-timanfaya-pequeno-en-plata\/","name":"Diablo del Timanfaya peque\u00f1o en plata - Kokulis World","isPartOf":{"@id":"https:\/\/www.kokulisworld.com\/en\/#website"},"primaryImageOfPage":{"@id":"https:\/\/www.kokulisworld.com\/en\/product\/diablo-del-timanfaya-pequeno-en-plata\/#primaryimage"},"image":{"@id":"https:\/\/www.kokulisworld.com\/en\/product\/diablo-del-timanfaya-pequeno-en-plata\/#primaryimage"},"thumbnailUrl":"https:\/\/www.kokulisworld.com\/wp-content\/uploads\/2025\/03\/diablo-del-timanfaya-pequeno-en-plata.jpg","datePublished":"2025-03-24T21:30:42+00:00","dateModified":"2025-12-17T12:38:15+00:00","breadcrumb":{"@id":"https:\/\/www.kokulisworld.com\/en\/product\/diablo-del-timanfaya-pequeno-en-plata\/#breadcrumb"},"inLanguage":"en-US","potentialAction":[{"@type":"ReadAction","target":["https:\/\/www.kokulisworld.com\/en\/product\/diablo-del-timanfaya-pequeno-en-plata\/"]}]},{"@type":"ImageObject","inLanguage":"en-US","@id":"https:\/\/www.kokulisworld.com\/en\/product\/diablo-del-timanfaya-pequeno-en-plata\/#primaryimage","url":"https:\/\/www.kokulisworld.com\/wp-content\/uploads\/2025\/03\/diablo-del-timanfaya-pequeno-en-plata.jpg","contentUrl":"https:\/\/www.kokulisworld.com\/wp-content\/uploads\/2025\/03\/diablo-del-timanfaya-pequeno-en-plata.jpg","width":2048,"height":1866},{"@type":"BreadcrumbList","@id":"https:\/\/www.kokulisworld.com\/en\/product\/diablo-del-timanfaya-pequeno-en-plata\/#breadcrumb","itemListElement":[{"@type":"ListItem","position":1,"name":"Portada","item":"https:\/\/www.kokulisworld.com\/en\/"},{"@type":"ListItem","position":2,"name":"Shop","item":"https:\/\/www.kokulisworld.com\/shop\/"},{"@type":"ListItem","position":3,"name":"Diablo del Timanfaya peque\u00f1o en plata"}]},{"@type":"WebSite","@id":"https:\/\/www.kokulisworld.com\/en\/#website","url":"https:\/\/www.kokulisworld.com\/en\/","name":"Kokulis World","description":"Tienda \u00e9tnica online, productos de artesan\u00edas del mundo","publisher":{"@id":"https:\/\/www.kokulisworld.com\/en\/#organization"},"potentialAction":[{"@type":"SearchAction","target":{"@type":"EntryPoint","urlTemplate":"https:\/\/www.kokulisworld.com\/en\/?s={search_term_string}"},"query-input":{"@type":"PropertyValueSpecification","valueRequired":true,"valueName":"search_term_string"}}],"inLanguage":"en-US"},{"@type":"Organization","@id":"https:\/\/www.kokulisworld.com\/en\/#organization","name":"Kokuli World","url":"https:\/\/www.kokulisworld.com\/en\/","logo":{"@type":"ImageObject","inLanguage":"en-US","@id":"https:\/\/www.kokulisworld.com\/en\/#\/schema\/logo\/image\/","url":"https:\/\/www.kokulisworld.com\/wp-content\/uploads\/2025\/03\/logo-kokulis-world.png","contentUrl":"https:\/\/www.kokulisworld.com\/wp-content\/uploads\/2025\/03\/logo-kokulis-world.png","width":440,"height":184,"caption":"Kokuli World"},"image":{"@id":"https:\/\/www.kokulisworld.com\/en\/#\/schema\/logo\/image\/"},"sameAs":["https:\/\/www.facebook.com\/kokulisworld","https:\/\/www.instagram.com\/kokulisworld\/"]}]}},"_links":{"self":[{"href":"https:\/\/www.kokulisworld.com\/en\/wp-json\/wp\/v2\/product\/7055","targetHints":{"allow":["GET"]}}],"collection":[{"href":"https:\/\/www.kokulisworld.com\/en\/wp-json\/wp\/v2\/product"}],"about":[{"href":"https:\/\/www.kokulisworld.com\/en\/wp-json\/wp\/v2\/types\/product"}],"wp:featuredmedia":[{"embeddable":true,"href":"https:\/\/www.kokulisworld.com\/en\/wp-json\/wp\/v2\/media\/7056"}],"wp:attachment":[{"href":"https:\/\/www.kokulisworld.com\/en\/wp-json\/wp\/v2\/media?parent=7055"}],"wp:term":[{"taxonomy":"product_cat","embeddable":true,"href":"https:\/\/www.kokulisworld.com\/en\/wp-json\/wp\/v2\/product_cat?post=7055"},{"taxonomy":"product_tag","embeddable":true,"href":"https:\/\/www.kokulisworld.com\/en\/wp-json\/wp\/v2\/product_tag?post=7055"}],"curies":[{"name":"wp","href":"https:\/\/api.w.org\/{rel}","templated":true}]}}