{"id":9289,"date":"2025-03-20T20:56:12","date_gmt":"2025-03-20T20:56:12","guid":{"rendered":"https:\/\/dev.kokulisworld.com\/producto\/pendientes-dorados-con-aguamarinas-naturales\/"},"modified":"2025-03-20T20:56:12","modified_gmt":"2025-03-20T20:56:12","slug":"pendientes-dorados-con-aguamarinas-naturales","status":"publish","type":"product","link":"https:\/\/www.kokulisworld.com\/en\/product\/pendientes-dorados-con-aguamarinas-naturales\/","title":{"rendered":"Pendientes dorados con Aguamarinas naturales"},"content":{"rendered":"","protected":false},"excerpt":{"rendered":"<p>Elegantes pendientes con dibujo a hoja en ba\u00f1o dorado, con peque\u00f1as piedras de Aguamarina natural, como peque\u00f1as flores.<\/p>\n<p>Tienen una medida importante, lo que permite que las piedras naturales reluzcan y hagan un bonito contraste con el dorado que tienen por base.<\/p>\n","protected":false},"featured_media":6056,"template":"","meta":[],"product_cat":[275,114],"product_tag":[],"class_list":{"0":"post-9289","1":"product","2":"type-product","3":"status-publish","4":"has-post-thumbnail","6":"product_cat-earrings","7":"product_cat-ethnic-jewelry","8":"pa_caracteristicas-artisan","10":"first","11":"instock","12":"shipping-taxable","13":"purchasable","14":"product-type-simple"},"yoast_head":"<!-- This site is optimized with the Yoast SEO plugin v26.6 - https:\/\/yoast.com\/wordpress\/plugins\/seo\/ -->\n<title>Pendientes dorados con Aguamarinas naturales - Kokulis World<\/title>\n<meta name=\"robots\" content=\"index, follow, max-snippet:-1, max-image-preview:large, max-video-preview:-1\" \/>\n<link rel=\"canonical\" href=\"https:\/\/www.kokulisworld.com\/en\/product\/pendientes-dorados-con-aguamarinas-naturales\/\" \/>\n<meta property=\"og:locale\" content=\"en_US\" \/>\n<meta property=\"og:type\" content=\"article\" \/>\n<meta property=\"og:title\" content=\"Pendientes dorados con Aguamarinas naturales - Kokulis World\" \/>\n<meta property=\"og:description\" content=\"Elegantes pendientes con dibujo a hoja en ba\u00f1o dorado, con peque\u00f1as piedras de Aguamarina natural, como peque\u00f1as flores.  Tienen una medida importante, lo que permite que las piedras naturales reluzcan y hagan un bonito contraste con el dorado que tienen por base.\" \/>\n<meta property=\"og:url\" content=\"https:\/\/www.kokulisworld.com\/en\/product\/pendientes-dorados-con-aguamarinas-naturales\/\" \/>\n<meta property=\"og:site_name\" content=\"Kokulis World\" \/>\n<meta property=\"article:publisher\" content=\"https:\/\/www.facebook.com\/kokulisworld\" \/>\n<meta name=\"twitter:card\" content=\"summary_large_image\" \/>\n<script type=\"application\/ld+json\" class=\"yoast-schema-graph\">{\"@context\":\"https:\/\/schema.org\",\"@graph\":[{\"@type\":\"WebPage\",\"@id\":\"https:\/\/www.kokulisworld.com\/en\/product\/pendientes-dorados-con-aguamarinas-naturales\/\",\"url\":\"https:\/\/www.kokulisworld.com\/en\/product\/pendientes-dorados-con-aguamarinas-naturales\/\",\"name\":\"Pendientes dorados con Aguamarinas naturales - Kokulis World\",\"isPartOf\":{\"@id\":\"https:\/\/www.kokulisworld.com\/en\/#website\"},\"primaryImageOfPage\":{\"@id\":\"https:\/\/www.kokulisworld.com\/en\/product\/pendientes-dorados-con-aguamarinas-naturales\/#primaryimage\"},\"image\":{\"@id\":\"https:\/\/www.kokulisworld.com\/en\/product\/pendientes-dorados-con-aguamarinas-naturales\/#primaryimage\"},\"thumbnailUrl\":\"https:\/\/www.kokulisworld.com\/wp-content\/uploads\/2025\/03\/pendientes-dorados-con-aguamarinas-naturales.jpg\",\"datePublished\":\"2025-03-20T20:56:12+00:00\",\"breadcrumb\":{\"@id\":\"https:\/\/www.kokulisworld.com\/en\/product\/pendientes-dorados-con-aguamarinas-naturales\/#breadcrumb\"},\"inLanguage\":\"en-US\",\"potentialAction\":[{\"@type\":\"ReadAction\",\"target\":[\"https:\/\/www.kokulisworld.com\/en\/product\/pendientes-dorados-con-aguamarinas-naturales\/\"]}]},{\"@type\":\"ImageObject\",\"inLanguage\":\"en-US\",\"@id\":\"https:\/\/www.kokulisworld.com\/en\/product\/pendientes-dorados-con-aguamarinas-naturales\/#primaryimage\",\"url\":\"https:\/\/www.kokulisworld.com\/wp-content\/uploads\/2025\/03\/pendientes-dorados-con-aguamarinas-naturales.jpg\",\"contentUrl\":\"https:\/\/www.kokulisworld.com\/wp-content\/uploads\/2025\/03\/pendientes-dorados-con-aguamarinas-naturales.jpg\",\"width\":2048,\"height\":1844},{\"@type\":\"BreadcrumbList\",\"@id\":\"https:\/\/www.kokulisworld.com\/en\/product\/pendientes-dorados-con-aguamarinas-naturales\/#breadcrumb\",\"itemListElement\":[{\"@type\":\"ListItem\",\"position\":1,\"name\":\"Portada\",\"item\":\"https:\/\/www.kokulisworld.com\/en\/\"},{\"@type\":\"ListItem\",\"position\":2,\"name\":\"Shop\",\"item\":\"https:\/\/www.kokulisworld.com\/shop\/\"},{\"@type\":\"ListItem\",\"position\":3,\"name\":\"Pendientes dorados con Aguamarinas naturales\"}]},{\"@type\":\"WebSite\",\"@id\":\"https:\/\/www.kokulisworld.com\/en\/#website\",\"url\":\"https:\/\/www.kokulisworld.com\/en\/\",\"name\":\"Kokulis World\",\"description\":\"Tienda \u00e9tnica online, productos de artesan\u00edas del mundo\",\"publisher\":{\"@id\":\"https:\/\/www.kokulisworld.com\/en\/#organization\"},\"potentialAction\":[{\"@type\":\"SearchAction\",\"target\":{\"@type\":\"EntryPoint\",\"urlTemplate\":\"https:\/\/www.kokulisworld.com\/en\/?s={search_term_string}\"},\"query-input\":{\"@type\":\"PropertyValueSpecification\",\"valueRequired\":true,\"valueName\":\"search_term_string\"}}],\"inLanguage\":\"en-US\"},{\"@type\":\"Organization\",\"@id\":\"https:\/\/www.kokulisworld.com\/en\/#organization\",\"name\":\"Kokuli World\",\"url\":\"https:\/\/www.kokulisworld.com\/en\/\",\"logo\":{\"@type\":\"ImageObject\",\"inLanguage\":\"en-US\",\"@id\":\"https:\/\/www.kokulisworld.com\/en\/#\/schema\/logo\/image\/\",\"url\":\"https:\/\/www.kokulisworld.com\/wp-content\/uploads\/2025\/03\/logo-kokulis-world.png\",\"contentUrl\":\"https:\/\/www.kokulisworld.com\/wp-content\/uploads\/2025\/03\/logo-kokulis-world.png\",\"width\":440,\"height\":184,\"caption\":\"Kokuli World\"},\"image\":{\"@id\":\"https:\/\/www.kokulisworld.com\/en\/#\/schema\/logo\/image\/\"},\"sameAs\":[\"https:\/\/www.facebook.com\/kokulisworld\",\"https:\/\/www.instagram.com\/kokulisworld\/\"]}]}<\/script>\n<!-- \/ Yoast SEO plugin. -->","yoast_head_json":{"title":"Pendientes dorados con Aguamarinas naturales - Kokulis World","robots":{"index":"index","follow":"follow","max-snippet":"max-snippet:-1","max-image-preview":"max-image-preview:large","max-video-preview":"max-video-preview:-1"},"canonical":"https:\/\/www.kokulisworld.com\/en\/product\/pendientes-dorados-con-aguamarinas-naturales\/","og_locale":"en_US","og_type":"article","og_title":"Pendientes dorados con Aguamarinas naturales - Kokulis World","og_description":"Elegantes pendientes con dibujo a hoja en ba\u00f1o dorado, con peque\u00f1as piedras de Aguamarina natural, como peque\u00f1as flores.  Tienen una medida importante, lo que permite que las piedras naturales reluzcan y hagan un bonito contraste con el dorado que tienen por base.","og_url":"https:\/\/www.kokulisworld.com\/en\/product\/pendientes-dorados-con-aguamarinas-naturales\/","og_site_name":"Kokulis World","article_publisher":"https:\/\/www.facebook.com\/kokulisworld","twitter_card":"summary_large_image","schema":{"@context":"https:\/\/schema.org","@graph":[{"@type":"WebPage","@id":"https:\/\/www.kokulisworld.com\/en\/product\/pendientes-dorados-con-aguamarinas-naturales\/","url":"https:\/\/www.kokulisworld.com\/en\/product\/pendientes-dorados-con-aguamarinas-naturales\/","name":"Pendientes dorados con Aguamarinas naturales - Kokulis World","isPartOf":{"@id":"https:\/\/www.kokulisworld.com\/en\/#website"},"primaryImageOfPage":{"@id":"https:\/\/www.kokulisworld.com\/en\/product\/pendientes-dorados-con-aguamarinas-naturales\/#primaryimage"},"image":{"@id":"https:\/\/www.kokulisworld.com\/en\/product\/pendientes-dorados-con-aguamarinas-naturales\/#primaryimage"},"thumbnailUrl":"https:\/\/www.kokulisworld.com\/wp-content\/uploads\/2025\/03\/pendientes-dorados-con-aguamarinas-naturales.jpg","datePublished":"2025-03-20T20:56:12+00:00","breadcrumb":{"@id":"https:\/\/www.kokulisworld.com\/en\/product\/pendientes-dorados-con-aguamarinas-naturales\/#breadcrumb"},"inLanguage":"en-US","potentialAction":[{"@type":"ReadAction","target":["https:\/\/www.kokulisworld.com\/en\/product\/pendientes-dorados-con-aguamarinas-naturales\/"]}]},{"@type":"ImageObject","inLanguage":"en-US","@id":"https:\/\/www.kokulisworld.com\/en\/product\/pendientes-dorados-con-aguamarinas-naturales\/#primaryimage","url":"https:\/\/www.kokulisworld.com\/wp-content\/uploads\/2025\/03\/pendientes-dorados-con-aguamarinas-naturales.jpg","contentUrl":"https:\/\/www.kokulisworld.com\/wp-content\/uploads\/2025\/03\/pendientes-dorados-con-aguamarinas-naturales.jpg","width":2048,"height":1844},{"@type":"BreadcrumbList","@id":"https:\/\/www.kokulisworld.com\/en\/product\/pendientes-dorados-con-aguamarinas-naturales\/#breadcrumb","itemListElement":[{"@type":"ListItem","position":1,"name":"Portada","item":"https:\/\/www.kokulisworld.com\/en\/"},{"@type":"ListItem","position":2,"name":"Shop","item":"https:\/\/www.kokulisworld.com\/shop\/"},{"@type":"ListItem","position":3,"name":"Pendientes dorados con Aguamarinas naturales"}]},{"@type":"WebSite","@id":"https:\/\/www.kokulisworld.com\/en\/#website","url":"https:\/\/www.kokulisworld.com\/en\/","name":"Kokulis World","description":"Tienda \u00e9tnica online, productos de artesan\u00edas del mundo","publisher":{"@id":"https:\/\/www.kokulisworld.com\/en\/#organization"},"potentialAction":[{"@type":"SearchAction","target":{"@type":"EntryPoint","urlTemplate":"https:\/\/www.kokulisworld.com\/en\/?s={search_term_string}"},"query-input":{"@type":"PropertyValueSpecification","valueRequired":true,"valueName":"search_term_string"}}],"inLanguage":"en-US"},{"@type":"Organization","@id":"https:\/\/www.kokulisworld.com\/en\/#organization","name":"Kokuli World","url":"https:\/\/www.kokulisworld.com\/en\/","logo":{"@type":"ImageObject","inLanguage":"en-US","@id":"https:\/\/www.kokulisworld.com\/en\/#\/schema\/logo\/image\/","url":"https:\/\/www.kokulisworld.com\/wp-content\/uploads\/2025\/03\/logo-kokulis-world.png","contentUrl":"https:\/\/www.kokulisworld.com\/wp-content\/uploads\/2025\/03\/logo-kokulis-world.png","width":440,"height":184,"caption":"Kokuli World"},"image":{"@id":"https:\/\/www.kokulisworld.com\/en\/#\/schema\/logo\/image\/"},"sameAs":["https:\/\/www.facebook.com\/kokulisworld","https:\/\/www.instagram.com\/kokulisworld\/"]}]}},"_links":{"self":[{"href":"https:\/\/www.kokulisworld.com\/en\/wp-json\/wp\/v2\/product\/9289","targetHints":{"allow":["GET"]}}],"collection":[{"href":"https:\/\/www.kokulisworld.com\/en\/wp-json\/wp\/v2\/product"}],"about":[{"href":"https:\/\/www.kokulisworld.com\/en\/wp-json\/wp\/v2\/types\/product"}],"wp:featuredmedia":[{"embeddable":true,"href":"https:\/\/www.kokulisworld.com\/en\/wp-json\/wp\/v2\/media\/6056"}],"wp:attachment":[{"href":"https:\/\/www.kokulisworld.com\/en\/wp-json\/wp\/v2\/media?parent=9289"}],"wp:term":[{"taxonomy":"product_cat","embeddable":true,"href":"https:\/\/www.kokulisworld.com\/en\/wp-json\/wp\/v2\/product_cat?post=9289"},{"taxonomy":"product_tag","embeddable":true,"href":"https:\/\/www.kokulisworld.com\/en\/wp-json\/wp\/v2\/product_tag?post=9289"}],"curies":[{"name":"wp","href":"https:\/\/api.w.org\/{rel}","templated":true}]}}