{"id":6904,"date":"2025-03-24T21:07:32","date_gmt":"2025-03-24T21:07:32","guid":{"rendered":"https:\/\/dev.kokulisworld.com\/?post_type=product&#038;p=6904"},"modified":"2025-04-01T08:35:14","modified_gmt":"2025-04-01T08:35:14","slug":"nazar-el-talisman-turco-de-buena-suerte-2","status":"publish","type":"product","link":"https:\/\/www.kokulisworld.com\/it\/prodotto\/nazar-el-talisman-turco-de-buena-suerte-2\/","title":{"rendered":"Nazar, el talism\u00e1n turco de buena suerte"},"content":{"rendered":"","protected":false},"excerpt":{"rendered":"<p>Original versi\u00f3n<strong>\u00a0en Ceramica y Esmalte rojo del &#8220;Ojo Azul&#8221;,<\/strong>\u00a0<strong>el talism\u00e1n m\u00e1s conocido de Turquia.<\/strong><\/p>\n<p>Uno de los m\u00e1s populares e importantes amuletos del mundo:<strong>\u00a0el Ojo Azul de Turqu\u00eda,<\/strong>\u00a0aunque su nombre original,<strong>\u00a0Nazar, venga del \u00c1rabe y signifique\u00a0<em>vista, atenci\u00f3n, vigilancia.<\/em><\/strong><\/p>\n<p>Este tradicional amuleto en forma de ojo\u00a0<strong>se conoce tambi\u00e9n como &#8220;Ojo de Allah&#8221; u &#8220;Ojo Azul&#8221;\u00a0<\/strong>y se suele regalar a personas queridas como protecci\u00f3n contra las negativdades y malos pensamientos en general y el &#8220;mal de ojo&#8221; en particular.<\/p>\n<p><strong>Medidas<\/strong>: 1,9 x 2,6 &#8211; di\u00e1metro 2,5cm<\/p>\n","protected":false},"featured_media":6908,"template":"","meta":[],"product_cat":[79,75],"product_tag":[100],"class_list":{"0":"post-6904","1":"product","2":"type-product","3":"status-publish","4":"has-post-thumbnail","6":"product_cat-ojo-turco-nazar","7":"product_cat-simbolos","8":"product_tag-mediterraneo","9":"pa_caracteristicas-hecho-a-mano","10":"pa_material-ceramica","11":"pa_material-esmaltes","13":"first","14":"instock","15":"shipping-taxable","16":"purchasable","17":"product-type-simple"},"yoast_head":"<!-- This site is optimized with the Yoast SEO plugin v26.6 - https:\/\/yoast.com\/wordpress\/plugins\/seo\/ -->\n<title>Nazar, el talism\u00e1n turco de buena suerte - Kokulis World<\/title>\n<meta name=\"robots\" content=\"index, follow, max-snippet:-1, max-image-preview:large, max-video-preview:-1\" \/>\n<link rel=\"canonical\" href=\"https:\/\/www.kokulisworld.com\/it\/prodotto\/nazar-el-talisman-turco-de-buena-suerte-2\/\" \/>\n<meta property=\"og:locale\" content=\"it_IT\" \/>\n<meta property=\"og:type\" content=\"article\" \/>\n<meta property=\"og:title\" content=\"Nazar, el talism\u00e1n turco de buena suerte - Kokulis World\" \/>\n<meta property=\"og:description\" content=\"Original versi\u00f3n\u00a0en Ceramica y Esmalte rojo del &quot;Ojo Azul&quot;,\u00a0el talism\u00e1n m\u00e1s conocido de Turquia.  Uno de los m\u00e1s populares e importantes amuletos del mundo:\u00a0el Ojo Azul de Turqu\u00eda,\u00a0aunque su nombre original,\u00a0Nazar, venga del \u00c1rabe y signifique\u00a0vista, atenci\u00f3n, vigilancia.  Este tradicional amuleto en forma de ojo\u00a0se conoce tambi\u00e9n como &quot;Ojo de Allah&quot; u &quot;Ojo Azul&quot;\u00a0y se suele regalar a personas queridas como protecci\u00f3n contra las negativdades y malos pensamientos en general y el &quot;mal de ojo&quot; en particular.  Medidas: 1,9 x 2,6 - di\u00e1metro 2,5cm\" \/>\n<meta property=\"og:url\" content=\"https:\/\/www.kokulisworld.com\/it\/prodotto\/nazar-el-talisman-turco-de-buena-suerte-2\/\" \/>\n<meta property=\"og:site_name\" content=\"Kokulis World\" \/>\n<meta property=\"article:publisher\" content=\"https:\/\/www.facebook.com\/kokulisworld\" \/>\n<meta property=\"article:modified_time\" content=\"2025-04-01T08:35:14+00:00\" \/>\n<meta property=\"og:image\" content=\"https:\/\/www.kokulisworld.com\/wp-content\/uploads\/2025\/03\/nazar-el-talisman-turco-de-buena-suerte-rojo.jpg\" \/>\n\t<meta property=\"og:image:width\" content=\"1707\" \/>\n\t<meta property=\"og:image:height\" content=\"2048\" \/>\n\t<meta property=\"og:image:type\" content=\"image\/jpeg\" \/>\n<meta name=\"twitter:card\" content=\"summary_large_image\" \/>\n<meta name=\"twitter:label1\" content=\"Tempo di lettura stimato\" \/>\n\t<meta name=\"twitter:data1\" content=\"1 minuto\" \/>\n<script type=\"application\/ld+json\" class=\"yoast-schema-graph\">{\"@context\":\"https:\/\/schema.org\",\"@graph\":[{\"@type\":\"WebPage\",\"@id\":\"https:\/\/www.kokulisworld.com\/it\/prodotto\/nazar-el-talisman-turco-de-buena-suerte-2\/\",\"url\":\"https:\/\/www.kokulisworld.com\/it\/prodotto\/nazar-el-talisman-turco-de-buena-suerte-2\/\",\"name\":\"Nazar, el talism\u00e1n turco de buena suerte - Kokulis World\",\"isPartOf\":{\"@id\":\"https:\/\/www.kokulisworld.com\/it\/#website\"},\"primaryImageOfPage\":{\"@id\":\"https:\/\/www.kokulisworld.com\/it\/prodotto\/nazar-el-talisman-turco-de-buena-suerte-2\/#primaryimage\"},\"image\":{\"@id\":\"https:\/\/www.kokulisworld.com\/it\/prodotto\/nazar-el-talisman-turco-de-buena-suerte-2\/#primaryimage\"},\"thumbnailUrl\":\"https:\/\/www.kokulisworld.com\/wp-content\/uploads\/2025\/03\/nazar-el-talisman-turco-de-buena-suerte-rojo.jpg\",\"datePublished\":\"2025-03-24T21:07:32+00:00\",\"dateModified\":\"2025-04-01T08:35:14+00:00\",\"breadcrumb\":{\"@id\":\"https:\/\/www.kokulisworld.com\/it\/prodotto\/nazar-el-talisman-turco-de-buena-suerte-2\/#breadcrumb\"},\"inLanguage\":\"it-IT\",\"potentialAction\":[{\"@type\":\"ReadAction\",\"target\":[\"https:\/\/www.kokulisworld.com\/it\/prodotto\/nazar-el-talisman-turco-de-buena-suerte-2\/\"]}]},{\"@type\":\"ImageObject\",\"inLanguage\":\"it-IT\",\"@id\":\"https:\/\/www.kokulisworld.com\/it\/prodotto\/nazar-el-talisman-turco-de-buena-suerte-2\/#primaryimage\",\"url\":\"https:\/\/www.kokulisworld.com\/wp-content\/uploads\/2025\/03\/nazar-el-talisman-turco-de-buena-suerte-rojo.jpg\",\"contentUrl\":\"https:\/\/www.kokulisworld.com\/wp-content\/uploads\/2025\/03\/nazar-el-talisman-turco-de-buena-suerte-rojo.jpg\",\"width\":1707,\"height\":2048},{\"@type\":\"BreadcrumbList\",\"@id\":\"https:\/\/www.kokulisworld.com\/it\/prodotto\/nazar-el-talisman-turco-de-buena-suerte-2\/#breadcrumb\",\"itemListElement\":[{\"@type\":\"ListItem\",\"position\":1,\"name\":\"Portada\",\"item\":\"https:\/\/www.kokulisworld.com\/it\/\"},{\"@type\":\"ListItem\",\"position\":2,\"name\":\"Negozio\",\"item\":\"https:\/\/www.kokulisworld.com\/shop\/\"},{\"@type\":\"ListItem\",\"position\":3,\"name\":\"Nazar, el talism\u00e1n turco de buena suerte\"}]},{\"@type\":\"WebSite\",\"@id\":\"https:\/\/www.kokulisworld.com\/it\/#website\",\"url\":\"https:\/\/www.kokulisworld.com\/it\/\",\"name\":\"Kokulis World\",\"description\":\"Tienda \u00e9tnica online, productos de artesan\u00edas del mundo\",\"publisher\":{\"@id\":\"https:\/\/www.kokulisworld.com\/it\/#organization\"},\"potentialAction\":[{\"@type\":\"SearchAction\",\"target\":{\"@type\":\"EntryPoint\",\"urlTemplate\":\"https:\/\/www.kokulisworld.com\/it\/?s={search_term_string}\"},\"query-input\":{\"@type\":\"PropertyValueSpecification\",\"valueRequired\":true,\"valueName\":\"search_term_string\"}}],\"inLanguage\":\"it-IT\"},{\"@type\":\"Organization\",\"@id\":\"https:\/\/www.kokulisworld.com\/it\/#organization\",\"name\":\"Kokuli World\",\"url\":\"https:\/\/www.kokulisworld.com\/it\/\",\"logo\":{\"@type\":\"ImageObject\",\"inLanguage\":\"it-IT\",\"@id\":\"https:\/\/www.kokulisworld.com\/it\/#\/schema\/logo\/image\/\",\"url\":\"https:\/\/www.kokulisworld.com\/wp-content\/uploads\/2025\/03\/logo-kokulis-world.png\",\"contentUrl\":\"https:\/\/www.kokulisworld.com\/wp-content\/uploads\/2025\/03\/logo-kokulis-world.png\",\"width\":440,\"height\":184,\"caption\":\"Kokuli World\"},\"image\":{\"@id\":\"https:\/\/www.kokulisworld.com\/it\/#\/schema\/logo\/image\/\"},\"sameAs\":[\"https:\/\/www.facebook.com\/kokulisworld\",\"https:\/\/www.instagram.com\/kokulisworld\/\"]}]}<\/script>\n<!-- \/ Yoast SEO plugin. -->","yoast_head_json":{"title":"Nazar, el talism\u00e1n turco de buena suerte - Kokulis World","robots":{"index":"index","follow":"follow","max-snippet":"max-snippet:-1","max-image-preview":"max-image-preview:large","max-video-preview":"max-video-preview:-1"},"canonical":"https:\/\/www.kokulisworld.com\/it\/prodotto\/nazar-el-talisman-turco-de-buena-suerte-2\/","og_locale":"it_IT","og_type":"article","og_title":"Nazar, el talism\u00e1n turco de buena suerte - Kokulis World","og_description":"Original versi\u00f3n\u00a0en Ceramica y Esmalte rojo del \"Ojo Azul\",\u00a0el talism\u00e1n m\u00e1s conocido de Turquia.  Uno de los m\u00e1s populares e importantes amuletos del mundo:\u00a0el Ojo Azul de Turqu\u00eda,\u00a0aunque su nombre original,\u00a0Nazar, venga del \u00c1rabe y signifique\u00a0vista, atenci\u00f3n, vigilancia.  Este tradicional amuleto en forma de ojo\u00a0se conoce tambi\u00e9n como \"Ojo de Allah\" u \"Ojo Azul\"\u00a0y se suele regalar a personas queridas como protecci\u00f3n contra las negativdades y malos pensamientos en general y el \"mal de ojo\" en particular.  Medidas: 1,9 x 2,6 - di\u00e1metro 2,5cm","og_url":"https:\/\/www.kokulisworld.com\/it\/prodotto\/nazar-el-talisman-turco-de-buena-suerte-2\/","og_site_name":"Kokulis World","article_publisher":"https:\/\/www.facebook.com\/kokulisworld","article_modified_time":"2025-04-01T08:35:14+00:00","og_image":[{"width":1707,"height":2048,"url":"https:\/\/www.kokulisworld.com\/wp-content\/uploads\/2025\/03\/nazar-el-talisman-turco-de-buena-suerte-rojo.jpg","type":"image\/jpeg"}],"twitter_card":"summary_large_image","twitter_misc":{"Tempo di lettura stimato":"1 minuto"},"schema":{"@context":"https:\/\/schema.org","@graph":[{"@type":"WebPage","@id":"https:\/\/www.kokulisworld.com\/it\/prodotto\/nazar-el-talisman-turco-de-buena-suerte-2\/","url":"https:\/\/www.kokulisworld.com\/it\/prodotto\/nazar-el-talisman-turco-de-buena-suerte-2\/","name":"Nazar, el talism\u00e1n turco de buena suerte - Kokulis World","isPartOf":{"@id":"https:\/\/www.kokulisworld.com\/it\/#website"},"primaryImageOfPage":{"@id":"https:\/\/www.kokulisworld.com\/it\/prodotto\/nazar-el-talisman-turco-de-buena-suerte-2\/#primaryimage"},"image":{"@id":"https:\/\/www.kokulisworld.com\/it\/prodotto\/nazar-el-talisman-turco-de-buena-suerte-2\/#primaryimage"},"thumbnailUrl":"https:\/\/www.kokulisworld.com\/wp-content\/uploads\/2025\/03\/nazar-el-talisman-turco-de-buena-suerte-rojo.jpg","datePublished":"2025-03-24T21:07:32+00:00","dateModified":"2025-04-01T08:35:14+00:00","breadcrumb":{"@id":"https:\/\/www.kokulisworld.com\/it\/prodotto\/nazar-el-talisman-turco-de-buena-suerte-2\/#breadcrumb"},"inLanguage":"it-IT","potentialAction":[{"@type":"ReadAction","target":["https:\/\/www.kokulisworld.com\/it\/prodotto\/nazar-el-talisman-turco-de-buena-suerte-2\/"]}]},{"@type":"ImageObject","inLanguage":"it-IT","@id":"https:\/\/www.kokulisworld.com\/it\/prodotto\/nazar-el-talisman-turco-de-buena-suerte-2\/#primaryimage","url":"https:\/\/www.kokulisworld.com\/wp-content\/uploads\/2025\/03\/nazar-el-talisman-turco-de-buena-suerte-rojo.jpg","contentUrl":"https:\/\/www.kokulisworld.com\/wp-content\/uploads\/2025\/03\/nazar-el-talisman-turco-de-buena-suerte-rojo.jpg","width":1707,"height":2048},{"@type":"BreadcrumbList","@id":"https:\/\/www.kokulisworld.com\/it\/prodotto\/nazar-el-talisman-turco-de-buena-suerte-2\/#breadcrumb","itemListElement":[{"@type":"ListItem","position":1,"name":"Portada","item":"https:\/\/www.kokulisworld.com\/it\/"},{"@type":"ListItem","position":2,"name":"Negozio","item":"https:\/\/www.kokulisworld.com\/shop\/"},{"@type":"ListItem","position":3,"name":"Nazar, el talism\u00e1n turco de buena suerte"}]},{"@type":"WebSite","@id":"https:\/\/www.kokulisworld.com\/it\/#website","url":"https:\/\/www.kokulisworld.com\/it\/","name":"Kokulis World","description":"Tienda \u00e9tnica online, productos de artesan\u00edas del mundo","publisher":{"@id":"https:\/\/www.kokulisworld.com\/it\/#organization"},"potentialAction":[{"@type":"SearchAction","target":{"@type":"EntryPoint","urlTemplate":"https:\/\/www.kokulisworld.com\/it\/?s={search_term_string}"},"query-input":{"@type":"PropertyValueSpecification","valueRequired":true,"valueName":"search_term_string"}}],"inLanguage":"it-IT"},{"@type":"Organization","@id":"https:\/\/www.kokulisworld.com\/it\/#organization","name":"Kokuli World","url":"https:\/\/www.kokulisworld.com\/it\/","logo":{"@type":"ImageObject","inLanguage":"it-IT","@id":"https:\/\/www.kokulisworld.com\/it\/#\/schema\/logo\/image\/","url":"https:\/\/www.kokulisworld.com\/wp-content\/uploads\/2025\/03\/logo-kokulis-world.png","contentUrl":"https:\/\/www.kokulisworld.com\/wp-content\/uploads\/2025\/03\/logo-kokulis-world.png","width":440,"height":184,"caption":"Kokuli World"},"image":{"@id":"https:\/\/www.kokulisworld.com\/it\/#\/schema\/logo\/image\/"},"sameAs":["https:\/\/www.facebook.com\/kokulisworld","https:\/\/www.instagram.com\/kokulisworld\/"]}]}},"_links":{"self":[{"href":"https:\/\/www.kokulisworld.com\/it\/wp-json\/wp\/v2\/product\/6904","targetHints":{"allow":["GET"]}}],"collection":[{"href":"https:\/\/www.kokulisworld.com\/it\/wp-json\/wp\/v2\/product"}],"about":[{"href":"https:\/\/www.kokulisworld.com\/it\/wp-json\/wp\/v2\/types\/product"}],"wp:featuredmedia":[{"embeddable":true,"href":"https:\/\/www.kokulisworld.com\/it\/wp-json\/wp\/v2\/media\/6908"}],"wp:attachment":[{"href":"https:\/\/www.kokulisworld.com\/it\/wp-json\/wp\/v2\/media?parent=6904"}],"wp:term":[{"taxonomy":"product_cat","embeddable":true,"href":"https:\/\/www.kokulisworld.com\/it\/wp-json\/wp\/v2\/product_cat?post=6904"},{"taxonomy":"product_tag","embeddable":true,"href":"https:\/\/www.kokulisworld.com\/it\/wp-json\/wp\/v2\/product_tag?post=6904"}],"curies":[{"name":"wp","href":"https:\/\/api.w.org\/{rel}","templated":true}]}}