{"id":8912,"date":"2025-03-15T17:25:07","date_gmt":"2025-03-15T17:25:07","guid":{"rendered":"https:\/\/dev.kokulisworld.com\/producto\/cultura-zuni-tradicional-collar-con-animales-fetiches-en-piedras-naturales\/"},"modified":"2025-03-30T15:59:03","modified_gmt":"2025-03-30T15:59:03","slug":"collana-con-animali-feticcio-zuni-navajo-pueblo","status":"publish","type":"product","link":"https:\/\/www.kokulisworld.com\/it\/prodotto\/collana-con-animali-feticcio-zuni-navajo-pueblo\/","title":{"rendered":"Collana con animali feticcio &#8211; Zuni, Navajo, Pueblo"},"content":{"rendered":"<p>Queste collane sono\u00a0<strong>molto apprezzate nelle culture native (Navajo Zuni e Pueblo), perch\u00e9 raccolgono molti simbolismi delle trib\u00f9 del sud-ovest,\u00a0<\/strong>dall&#8217;uso delle diverse pietre utilizzate alla rappresentazione dei diversi animali.<\/p>\n<p>I nativi, specialmente i Navajo, usano\u00a0<strong>i feticci di animali come mezzo di comunicazione tra il nostro mondo e quello degli spiriti,<\/strong>\u00a0e ogni animale ha il suo carattere, i principali sono l&#8217;aquila, il lupo, la tartaruga e l&#8217;orso.<\/p>\n<p>Secondo la simbologia<strong>\u00a0l&#8217;aquila<\/strong>, che in questa collana occupa il posto centrale,\u00a0<strong>rappresenta la saggezza e il coraggio<\/strong>. \u00c8 il pi\u00f9 importante per la connessione con gli spiriti.\u00a0<strong>L&#8217;orso<\/strong>\u00a0rappresenta la forza, il potere e la leadership, e\u00a0<strong>il pesce<\/strong>\u00a0rappresenta la capacit\u00e0 di pescare e combattere.<strong>\u00a0La tartaruga rappresenta la Madre Terra<\/strong>, e<strong>\u00a0il colibr\u00ec<\/strong>\u00a0ha qualit\u00e0 magiche, perch\u00e9 pu\u00f2 volare in qualsiasi direzione, o anche stare fermo.\u00a0<strong>Attraverso la sua danza il colibr\u00ec porta gioia, bellezza ed evoca l&#8217;amore, poich\u00e9 si dice che le piume del colibr\u00ec aprano il cuore.<\/strong><\/p>\n<p>\u00c8 anche comune identificare nei diversi animali<strong>\u00a0le tre condizioni dell&#8217;uomo: lo stato di sonno (inferiore), lo stato di assopimento (il materiale) e lo stato di espansione dello spirito (superiore, sempre disegnato con le ali).<\/strong><\/p>\n<p><strong><a href=\"https:\/\/www.kokulisworld.com\/it\/blog\/post\/zuni-e-navajo-gli-animali-feticci-nelle-culture-del-sudovest\/2026\"><u>Nel nostro Blog<\/u><\/a>\u00a0troverete la storia di questi dplendidi monili<\/strong><\/p>\n<p><em><u><strong>PEZZO UNICO<\/strong><\/u><\/em><\/p>\n","protected":false},"excerpt":{"rendered":"<p>Bella collana Zuni realizzata con<strong>\u00a0piccoli dischi di conchiglie intervallati da animali scolpiti in pietra come diaspro di diversi colori, quarzo, turchese verde, onice\u00a0e turchese.<\/strong><\/p>\n<p>Misure 72cm lunghezza &#8211; feticci da 1,5 a 3cm<\/p>\n","protected":false},"featured_media":5679,"template":"","meta":[],"product_cat":[117,115],"product_tag":[296],"class_list":{"0":"post-8912","1":"product","2":"type-product","3":"status-publish","4":"has-post-thumbnail","6":"product_cat-collane","7":"product_cat-gioielli-etnici","8":"product_tag-collezione-america-del-nord","9":"pa_material-argento","10":"pa_material-pietre-naturali","12":"first","13":"instock","14":"shipping-taxable","15":"purchasable","16":"product-type-simple"},"yoast_head":"<!-- This site is optimized with the Yoast SEO plugin v26.6 - https:\/\/yoast.com\/wordpress\/plugins\/seo\/ -->\n<title>Collana con animali feticcio - Zuni, Navajo, Pueblo - Kokulis World<\/title>\n<meta name=\"robots\" content=\"index, follow, max-snippet:-1, max-image-preview:large, max-video-preview:-1\" \/>\n<link rel=\"canonical\" href=\"https:\/\/www.kokulisworld.com\/it\/prodotto\/collana-con-animali-feticcio-zuni-navajo-pueblo\/\" \/>\n<meta property=\"og:locale\" content=\"it_IT\" \/>\n<meta property=\"og:type\" content=\"article\" \/>\n<meta property=\"og:title\" content=\"Collana con animali feticcio - Zuni, Navajo, Pueblo - Kokulis World\" \/>\n<meta property=\"og:description\" content=\"Bella collana Zuni realizzata con\u00a0piccoli dischi di conchiglie intervallati da animali scolpiti in pietra come diaspro di diversi colori, quarzo, turchese verde, onice\u00a0e turchese.  Misure 72cm lunghezza - feticci da 1,5 a 3cm\" \/>\n<meta property=\"og:url\" content=\"https:\/\/www.kokulisworld.com\/it\/prodotto\/collana-con-animali-feticcio-zuni-navajo-pueblo\/\" \/>\n<meta property=\"og:site_name\" content=\"Kokulis World\" \/>\n<meta property=\"article:publisher\" content=\"https:\/\/www.facebook.com\/kokulisworld\" \/>\n<meta property=\"article:modified_time\" content=\"2025-03-30T15:59:03+00:00\" \/>\n<meta property=\"og:image\" content=\"https:\/\/www.kokulisworld.com\/wp-content\/uploads\/2025\/03\/cultura-zuni-tradicional-collar-con-animales-fetiches-en-piedras-naturales.jpg\" \/>\n\t<meta property=\"og:image:width\" content=\"1536\" \/>\n\t<meta property=\"og:image:height\" content=\"2048\" \/>\n\t<meta property=\"og:image:type\" content=\"image\/jpeg\" \/>\n<meta name=\"twitter:card\" content=\"summary_large_image\" \/>\n<meta name=\"twitter:label1\" content=\"Tempo di lettura stimato\" \/>\n\t<meta name=\"twitter:data1\" content=\"2 minuti\" \/>\n<script type=\"application\/ld+json\" class=\"yoast-schema-graph\">{\"@context\":\"https:\/\/schema.org\",\"@graph\":[{\"@type\":\"WebPage\",\"@id\":\"https:\/\/www.kokulisworld.com\/it\/prodotto\/collana-con-animali-feticcio-zuni-navajo-pueblo\/\",\"url\":\"https:\/\/www.kokulisworld.com\/it\/prodotto\/collana-con-animali-feticcio-zuni-navajo-pueblo\/\",\"name\":\"Collana con animali feticcio - Zuni, Navajo, Pueblo - Kokulis World\",\"isPartOf\":{\"@id\":\"https:\/\/www.kokulisworld.com\/it\/#website\"},\"primaryImageOfPage\":{\"@id\":\"https:\/\/www.kokulisworld.com\/it\/prodotto\/collana-con-animali-feticcio-zuni-navajo-pueblo\/#primaryimage\"},\"image\":{\"@id\":\"https:\/\/www.kokulisworld.com\/it\/prodotto\/collana-con-animali-feticcio-zuni-navajo-pueblo\/#primaryimage\"},\"thumbnailUrl\":\"https:\/\/www.kokulisworld.com\/wp-content\/uploads\/2025\/03\/cultura-zuni-tradicional-collar-con-animales-fetiches-en-piedras-naturales.jpg\",\"datePublished\":\"2025-03-15T17:25:07+00:00\",\"dateModified\":\"2025-03-30T15:59:03+00:00\",\"breadcrumb\":{\"@id\":\"https:\/\/www.kokulisworld.com\/it\/prodotto\/collana-con-animali-feticcio-zuni-navajo-pueblo\/#breadcrumb\"},\"inLanguage\":\"it-IT\",\"potentialAction\":[{\"@type\":\"ReadAction\",\"target\":[\"https:\/\/www.kokulisworld.com\/it\/prodotto\/collana-con-animali-feticcio-zuni-navajo-pueblo\/\"]}]},{\"@type\":\"ImageObject\",\"inLanguage\":\"it-IT\",\"@id\":\"https:\/\/www.kokulisworld.com\/it\/prodotto\/collana-con-animali-feticcio-zuni-navajo-pueblo\/#primaryimage\",\"url\":\"https:\/\/www.kokulisworld.com\/wp-content\/uploads\/2025\/03\/cultura-zuni-tradicional-collar-con-animales-fetiches-en-piedras-naturales.jpg\",\"contentUrl\":\"https:\/\/www.kokulisworld.com\/wp-content\/uploads\/2025\/03\/cultura-zuni-tradicional-collar-con-animales-fetiches-en-piedras-naturales.jpg\",\"width\":1536,\"height\":2048},{\"@type\":\"BreadcrumbList\",\"@id\":\"https:\/\/www.kokulisworld.com\/it\/prodotto\/collana-con-animali-feticcio-zuni-navajo-pueblo\/#breadcrumb\",\"itemListElement\":[{\"@type\":\"ListItem\",\"position\":1,\"name\":\"Portada\",\"item\":\"https:\/\/www.kokulisworld.com\/it\/\"},{\"@type\":\"ListItem\",\"position\":2,\"name\":\"Negozio\",\"item\":\"https:\/\/www.kokulisworld.com\/shop\/\"},{\"@type\":\"ListItem\",\"position\":3,\"name\":\"Collana con animali feticcio &#8211; Zuni, Navajo, Pueblo\"}]},{\"@type\":\"WebSite\",\"@id\":\"https:\/\/www.kokulisworld.com\/it\/#website\",\"url\":\"https:\/\/www.kokulisworld.com\/it\/\",\"name\":\"Kokulis World\",\"description\":\"Tienda \u00e9tnica online, productos de artesan\u00edas del mundo\",\"publisher\":{\"@id\":\"https:\/\/www.kokulisworld.com\/it\/#organization\"},\"potentialAction\":[{\"@type\":\"SearchAction\",\"target\":{\"@type\":\"EntryPoint\",\"urlTemplate\":\"https:\/\/www.kokulisworld.com\/it\/?s={search_term_string}\"},\"query-input\":{\"@type\":\"PropertyValueSpecification\",\"valueRequired\":true,\"valueName\":\"search_term_string\"}}],\"inLanguage\":\"it-IT\"},{\"@type\":\"Organization\",\"@id\":\"https:\/\/www.kokulisworld.com\/it\/#organization\",\"name\":\"Kokuli World\",\"url\":\"https:\/\/www.kokulisworld.com\/it\/\",\"logo\":{\"@type\":\"ImageObject\",\"inLanguage\":\"it-IT\",\"@id\":\"https:\/\/www.kokulisworld.com\/it\/#\/schema\/logo\/image\/\",\"url\":\"https:\/\/www.kokulisworld.com\/wp-content\/uploads\/2025\/03\/logo-kokulis-world.png\",\"contentUrl\":\"https:\/\/www.kokulisworld.com\/wp-content\/uploads\/2025\/03\/logo-kokulis-world.png\",\"width\":440,\"height\":184,\"caption\":\"Kokuli World\"},\"image\":{\"@id\":\"https:\/\/www.kokulisworld.com\/it\/#\/schema\/logo\/image\/\"},\"sameAs\":[\"https:\/\/www.facebook.com\/kokulisworld\",\"https:\/\/www.instagram.com\/kokulisworld\/\"]}]}<\/script>\n<!-- \/ Yoast SEO plugin. -->","yoast_head_json":{"title":"Collana con animali feticcio - Zuni, Navajo, Pueblo - Kokulis World","robots":{"index":"index","follow":"follow","max-snippet":"max-snippet:-1","max-image-preview":"max-image-preview:large","max-video-preview":"max-video-preview:-1"},"canonical":"https:\/\/www.kokulisworld.com\/it\/prodotto\/collana-con-animali-feticcio-zuni-navajo-pueblo\/","og_locale":"it_IT","og_type":"article","og_title":"Collana con animali feticcio - Zuni, Navajo, Pueblo - Kokulis World","og_description":"Bella collana Zuni realizzata con\u00a0piccoli dischi di conchiglie intervallati da animali scolpiti in pietra come diaspro di diversi colori, quarzo, turchese verde, onice\u00a0e turchese.  Misure 72cm lunghezza - feticci da 1,5 a 3cm","og_url":"https:\/\/www.kokulisworld.com\/it\/prodotto\/collana-con-animali-feticcio-zuni-navajo-pueblo\/","og_site_name":"Kokulis World","article_publisher":"https:\/\/www.facebook.com\/kokulisworld","article_modified_time":"2025-03-30T15:59:03+00:00","og_image":[{"width":1536,"height":2048,"url":"https:\/\/www.kokulisworld.com\/wp-content\/uploads\/2025\/03\/cultura-zuni-tradicional-collar-con-animales-fetiches-en-piedras-naturales.jpg","type":"image\/jpeg"}],"twitter_card":"summary_large_image","twitter_misc":{"Tempo di lettura stimato":"2 minuti"},"schema":{"@context":"https:\/\/schema.org","@graph":[{"@type":"WebPage","@id":"https:\/\/www.kokulisworld.com\/it\/prodotto\/collana-con-animali-feticcio-zuni-navajo-pueblo\/","url":"https:\/\/www.kokulisworld.com\/it\/prodotto\/collana-con-animali-feticcio-zuni-navajo-pueblo\/","name":"Collana con animali feticcio - Zuni, Navajo, Pueblo - Kokulis World","isPartOf":{"@id":"https:\/\/www.kokulisworld.com\/it\/#website"},"primaryImageOfPage":{"@id":"https:\/\/www.kokulisworld.com\/it\/prodotto\/collana-con-animali-feticcio-zuni-navajo-pueblo\/#primaryimage"},"image":{"@id":"https:\/\/www.kokulisworld.com\/it\/prodotto\/collana-con-animali-feticcio-zuni-navajo-pueblo\/#primaryimage"},"thumbnailUrl":"https:\/\/www.kokulisworld.com\/wp-content\/uploads\/2025\/03\/cultura-zuni-tradicional-collar-con-animales-fetiches-en-piedras-naturales.jpg","datePublished":"2025-03-15T17:25:07+00:00","dateModified":"2025-03-30T15:59:03+00:00","breadcrumb":{"@id":"https:\/\/www.kokulisworld.com\/it\/prodotto\/collana-con-animali-feticcio-zuni-navajo-pueblo\/#breadcrumb"},"inLanguage":"it-IT","potentialAction":[{"@type":"ReadAction","target":["https:\/\/www.kokulisworld.com\/it\/prodotto\/collana-con-animali-feticcio-zuni-navajo-pueblo\/"]}]},{"@type":"ImageObject","inLanguage":"it-IT","@id":"https:\/\/www.kokulisworld.com\/it\/prodotto\/collana-con-animali-feticcio-zuni-navajo-pueblo\/#primaryimage","url":"https:\/\/www.kokulisworld.com\/wp-content\/uploads\/2025\/03\/cultura-zuni-tradicional-collar-con-animales-fetiches-en-piedras-naturales.jpg","contentUrl":"https:\/\/www.kokulisworld.com\/wp-content\/uploads\/2025\/03\/cultura-zuni-tradicional-collar-con-animales-fetiches-en-piedras-naturales.jpg","width":1536,"height":2048},{"@type":"BreadcrumbList","@id":"https:\/\/www.kokulisworld.com\/it\/prodotto\/collana-con-animali-feticcio-zuni-navajo-pueblo\/#breadcrumb","itemListElement":[{"@type":"ListItem","position":1,"name":"Portada","item":"https:\/\/www.kokulisworld.com\/it\/"},{"@type":"ListItem","position":2,"name":"Negozio","item":"https:\/\/www.kokulisworld.com\/shop\/"},{"@type":"ListItem","position":3,"name":"Collana con animali feticcio &#8211; Zuni, Navajo, Pueblo"}]},{"@type":"WebSite","@id":"https:\/\/www.kokulisworld.com\/it\/#website","url":"https:\/\/www.kokulisworld.com\/it\/","name":"Kokulis World","description":"Tienda \u00e9tnica online, productos de artesan\u00edas del mundo","publisher":{"@id":"https:\/\/www.kokulisworld.com\/it\/#organization"},"potentialAction":[{"@type":"SearchAction","target":{"@type":"EntryPoint","urlTemplate":"https:\/\/www.kokulisworld.com\/it\/?s={search_term_string}"},"query-input":{"@type":"PropertyValueSpecification","valueRequired":true,"valueName":"search_term_string"}}],"inLanguage":"it-IT"},{"@type":"Organization","@id":"https:\/\/www.kokulisworld.com\/it\/#organization","name":"Kokuli World","url":"https:\/\/www.kokulisworld.com\/it\/","logo":{"@type":"ImageObject","inLanguage":"it-IT","@id":"https:\/\/www.kokulisworld.com\/it\/#\/schema\/logo\/image\/","url":"https:\/\/www.kokulisworld.com\/wp-content\/uploads\/2025\/03\/logo-kokulis-world.png","contentUrl":"https:\/\/www.kokulisworld.com\/wp-content\/uploads\/2025\/03\/logo-kokulis-world.png","width":440,"height":184,"caption":"Kokuli World"},"image":{"@id":"https:\/\/www.kokulisworld.com\/it\/#\/schema\/logo\/image\/"},"sameAs":["https:\/\/www.facebook.com\/kokulisworld","https:\/\/www.instagram.com\/kokulisworld\/"]}]}},"_links":{"self":[{"href":"https:\/\/www.kokulisworld.com\/it\/wp-json\/wp\/v2\/product\/8912","targetHints":{"allow":["GET"]}}],"collection":[{"href":"https:\/\/www.kokulisworld.com\/it\/wp-json\/wp\/v2\/product"}],"about":[{"href":"https:\/\/www.kokulisworld.com\/it\/wp-json\/wp\/v2\/types\/product"}],"wp:featuredmedia":[{"embeddable":true,"href":"https:\/\/www.kokulisworld.com\/it\/wp-json\/wp\/v2\/media\/5679"}],"wp:attachment":[{"href":"https:\/\/www.kokulisworld.com\/it\/wp-json\/wp\/v2\/media?parent=8912"}],"wp:term":[{"taxonomy":"product_cat","embeddable":true,"href":"https:\/\/www.kokulisworld.com\/it\/wp-json\/wp\/v2\/product_cat?post=8912"},{"taxonomy":"product_tag","embeddable":true,"href":"https:\/\/www.kokulisworld.com\/it\/wp-json\/wp\/v2\/product_tag?post=8912"}],"curies":[{"name":"wp","href":"https:\/\/api.w.org\/{rel}","templated":true}]}}