{"id":9660,"date":"2025-03-24T21:05:41","date_gmt":"2025-03-24T21:05:41","guid":{"rendered":"https:\/\/www.kokulisworld.com\/producto\/colgante-claddagh-en-plata\/"},"modified":"2025-04-01T13:10:40","modified_gmt":"2025-04-01T13:10:40","slug":"pendente-claddagh-in-argento","status":"publish","type":"product","link":"https:\/\/www.kokulisworld.com\/it\/prodotto\/pendente-claddagh-in-argento\/","title":{"rendered":"Pendente Claddagh in Argento"},"content":{"rendered":"<p>Il <strong>pendente Claddagh ha origine 300 anni fa in un antico villaggio di pescatori a Claddagh, alla periferia della citt\u00e0 di Galway<\/strong>, sulla costa occidentale dell\u2019Irlanda, dove fu disegnato e realizzato per la prima volta nel XVII secolo.<\/p>\n<p>Viene donato come <strong>simbolo di fidanzamento, amore o amicizia.<\/strong><\/p>\n<p><strong>La leggenda<\/strong> narra che un uomo di Galway, Richard Joyce, emigr\u00f2 nelle Indie Orientali con la speranza di tornare e sposare la sua amata. Tuttavia, la nave fu catturata durante il viaggio e Joyce fu venduto come schiavo a un orafo musulmano ad Algeri, dove impar\u00f2 il mestiere.<\/p>\n<p>Quando il re Guglielmo III sal\u00ec al trono, chiese la liberazione di tutti i prigionieri britannici. Richard Joyce fu liberato dopo 14 anni di prigionia. L\u2019orafo, che lo stimava profondamente, gli offr\u00ec met\u00e0 della sua fortuna e la mano di sua figlia, ma Richard rifiut\u00f2 e torn\u00f2 a casa per sposare la donna che aveva sempre amato.<\/p>\n<p>Durante tutto quel tempo non dimentic\u00f2 la sua amata e <strong>cre\u00f2 un anello come simbolo del suo amore per lei. Il Claddagh si distingue per la simbologia che racchiude: due mani che circondano un cuore sormontato da una corona, rappresentazione dell\u2019amore vero o dell\u2019amicizia eterna.<\/strong><\/p>\n<p><strong>Il cuore simboleggia l\u2019amore, le mani l\u2019amicizia e la corona la lealt\u00e0 e la fedelt\u00e0.<\/strong><\/p>\n","protected":false},"excerpt":{"rendered":"<p><strong>Misure<\/strong>: diametro 2,5 cm<\/p>\n","protected":false},"featured_media":6903,"template":"","meta":[],"product_cat":[243,115],"product_tag":[],"class_list":{"0":"post-9660","1":"product","2":"type-product","3":"status-publish","4":"has-post-thumbnail","6":"product_cat-ciondoli-e-pendenti","7":"product_cat-gioielli-etnici","8":"pa_material-argento","10":"first","11":"instock","12":"shipping-taxable","13":"purchasable","14":"product-type-simple"},"yoast_head":"<!-- This site is optimized with the Yoast SEO plugin v26.6 - https:\/\/yoast.com\/wordpress\/plugins\/seo\/ -->\n<title>Pendente Claddagh in Argento - Kokulis World<\/title>\n<meta name=\"robots\" content=\"index, follow, max-snippet:-1, max-image-preview:large, max-video-preview:-1\" \/>\n<link rel=\"canonical\" href=\"https:\/\/www.kokulisworld.com\/it\/prodotto\/pendente-claddagh-in-argento\/\" \/>\n<meta property=\"og:locale\" content=\"it_IT\" \/>\n<meta property=\"og:type\" content=\"article\" \/>\n<meta property=\"og:title\" content=\"Pendente Claddagh in Argento - Kokulis World\" \/>\n<meta property=\"og:description\" content=\"Misure: diametro 2,5 cm\" \/>\n<meta property=\"og:url\" content=\"https:\/\/www.kokulisworld.com\/it\/prodotto\/pendente-claddagh-in-argento\/\" \/>\n<meta property=\"og:site_name\" content=\"Kokulis World\" \/>\n<meta property=\"article:publisher\" content=\"https:\/\/www.facebook.com\/kokulisworld\" \/>\n<meta property=\"article:modified_time\" content=\"2025-04-01T13:10:40+00:00\" \/>\n<meta property=\"og:image\" content=\"https:\/\/www.kokulisworld.com\/wp-content\/uploads\/2025\/03\/colgante-claddagh-en-plata.jpg\" \/>\n\t<meta property=\"og:image:width\" content=\"1972\" \/>\n\t<meta property=\"og:image:height\" content=\"2048\" \/>\n\t<meta property=\"og:image:type\" content=\"image\/jpeg\" \/>\n<meta name=\"twitter:card\" content=\"summary_large_image\" \/>\n<meta name=\"twitter:label1\" content=\"Tempo di lettura stimato\" \/>\n\t<meta name=\"twitter:data1\" content=\"2 minuti\" \/>\n<script type=\"application\/ld+json\" class=\"yoast-schema-graph\">{\"@context\":\"https:\/\/schema.org\",\"@graph\":[{\"@type\":\"WebPage\",\"@id\":\"https:\/\/www.kokulisworld.com\/it\/prodotto\/pendente-claddagh-in-argento\/\",\"url\":\"https:\/\/www.kokulisworld.com\/it\/prodotto\/pendente-claddagh-in-argento\/\",\"name\":\"Pendente Claddagh in Argento - Kokulis World\",\"isPartOf\":{\"@id\":\"https:\/\/www.kokulisworld.com\/it\/#website\"},\"primaryImageOfPage\":{\"@id\":\"https:\/\/www.kokulisworld.com\/it\/prodotto\/pendente-claddagh-in-argento\/#primaryimage\"},\"image\":{\"@id\":\"https:\/\/www.kokulisworld.com\/it\/prodotto\/pendente-claddagh-in-argento\/#primaryimage\"},\"thumbnailUrl\":\"https:\/\/www.kokulisworld.com\/wp-content\/uploads\/2025\/03\/colgante-claddagh-en-plata.jpg\",\"datePublished\":\"2025-03-24T21:05:41+00:00\",\"dateModified\":\"2025-04-01T13:10:40+00:00\",\"breadcrumb\":{\"@id\":\"https:\/\/www.kokulisworld.com\/it\/prodotto\/pendente-claddagh-in-argento\/#breadcrumb\"},\"inLanguage\":\"it-IT\",\"potentialAction\":[{\"@type\":\"ReadAction\",\"target\":[\"https:\/\/www.kokulisworld.com\/it\/prodotto\/pendente-claddagh-in-argento\/\"]}]},{\"@type\":\"ImageObject\",\"inLanguage\":\"it-IT\",\"@id\":\"https:\/\/www.kokulisworld.com\/it\/prodotto\/pendente-claddagh-in-argento\/#primaryimage\",\"url\":\"https:\/\/www.kokulisworld.com\/wp-content\/uploads\/2025\/03\/colgante-claddagh-en-plata.jpg\",\"contentUrl\":\"https:\/\/www.kokulisworld.com\/wp-content\/uploads\/2025\/03\/colgante-claddagh-en-plata.jpg\",\"width\":1972,\"height\":2048},{\"@type\":\"BreadcrumbList\",\"@id\":\"https:\/\/www.kokulisworld.com\/it\/prodotto\/pendente-claddagh-in-argento\/#breadcrumb\",\"itemListElement\":[{\"@type\":\"ListItem\",\"position\":1,\"name\":\"Portada\",\"item\":\"https:\/\/www.kokulisworld.com\/it\/\"},{\"@type\":\"ListItem\",\"position\":2,\"name\":\"Negozio\",\"item\":\"https:\/\/www.kokulisworld.com\/shop\/\"},{\"@type\":\"ListItem\",\"position\":3,\"name\":\"Pendente Claddagh in Argento\"}]},{\"@type\":\"WebSite\",\"@id\":\"https:\/\/www.kokulisworld.com\/it\/#website\",\"url\":\"https:\/\/www.kokulisworld.com\/it\/\",\"name\":\"Kokulis World\",\"description\":\"Tienda \u00e9tnica online, productos de artesan\u00edas del mundo\",\"publisher\":{\"@id\":\"https:\/\/www.kokulisworld.com\/it\/#organization\"},\"potentialAction\":[{\"@type\":\"SearchAction\",\"target\":{\"@type\":\"EntryPoint\",\"urlTemplate\":\"https:\/\/www.kokulisworld.com\/it\/?s={search_term_string}\"},\"query-input\":{\"@type\":\"PropertyValueSpecification\",\"valueRequired\":true,\"valueName\":\"search_term_string\"}}],\"inLanguage\":\"it-IT\"},{\"@type\":\"Organization\",\"@id\":\"https:\/\/www.kokulisworld.com\/it\/#organization\",\"name\":\"Kokuli World\",\"url\":\"https:\/\/www.kokulisworld.com\/it\/\",\"logo\":{\"@type\":\"ImageObject\",\"inLanguage\":\"it-IT\",\"@id\":\"https:\/\/www.kokulisworld.com\/it\/#\/schema\/logo\/image\/\",\"url\":\"https:\/\/www.kokulisworld.com\/wp-content\/uploads\/2025\/03\/logo-kokulis-world.png\",\"contentUrl\":\"https:\/\/www.kokulisworld.com\/wp-content\/uploads\/2025\/03\/logo-kokulis-world.png\",\"width\":440,\"height\":184,\"caption\":\"Kokuli World\"},\"image\":{\"@id\":\"https:\/\/www.kokulisworld.com\/it\/#\/schema\/logo\/image\/\"},\"sameAs\":[\"https:\/\/www.facebook.com\/kokulisworld\",\"https:\/\/www.instagram.com\/kokulisworld\/\"]}]}<\/script>\n<!-- \/ Yoast SEO plugin. -->","yoast_head_json":{"title":"Pendente Claddagh in Argento - Kokulis World","robots":{"index":"index","follow":"follow","max-snippet":"max-snippet:-1","max-image-preview":"max-image-preview:large","max-video-preview":"max-video-preview:-1"},"canonical":"https:\/\/www.kokulisworld.com\/it\/prodotto\/pendente-claddagh-in-argento\/","og_locale":"it_IT","og_type":"article","og_title":"Pendente Claddagh in Argento - Kokulis World","og_description":"Misure: diametro 2,5 cm","og_url":"https:\/\/www.kokulisworld.com\/it\/prodotto\/pendente-claddagh-in-argento\/","og_site_name":"Kokulis World","article_publisher":"https:\/\/www.facebook.com\/kokulisworld","article_modified_time":"2025-04-01T13:10:40+00:00","og_image":[{"width":1972,"height":2048,"url":"https:\/\/www.kokulisworld.com\/wp-content\/uploads\/2025\/03\/colgante-claddagh-en-plata.jpg","type":"image\/jpeg"}],"twitter_card":"summary_large_image","twitter_misc":{"Tempo di lettura stimato":"2 minuti"},"schema":{"@context":"https:\/\/schema.org","@graph":[{"@type":"WebPage","@id":"https:\/\/www.kokulisworld.com\/it\/prodotto\/pendente-claddagh-in-argento\/","url":"https:\/\/www.kokulisworld.com\/it\/prodotto\/pendente-claddagh-in-argento\/","name":"Pendente Claddagh in Argento - Kokulis World","isPartOf":{"@id":"https:\/\/www.kokulisworld.com\/it\/#website"},"primaryImageOfPage":{"@id":"https:\/\/www.kokulisworld.com\/it\/prodotto\/pendente-claddagh-in-argento\/#primaryimage"},"image":{"@id":"https:\/\/www.kokulisworld.com\/it\/prodotto\/pendente-claddagh-in-argento\/#primaryimage"},"thumbnailUrl":"https:\/\/www.kokulisworld.com\/wp-content\/uploads\/2025\/03\/colgante-claddagh-en-plata.jpg","datePublished":"2025-03-24T21:05:41+00:00","dateModified":"2025-04-01T13:10:40+00:00","breadcrumb":{"@id":"https:\/\/www.kokulisworld.com\/it\/prodotto\/pendente-claddagh-in-argento\/#breadcrumb"},"inLanguage":"it-IT","potentialAction":[{"@type":"ReadAction","target":["https:\/\/www.kokulisworld.com\/it\/prodotto\/pendente-claddagh-in-argento\/"]}]},{"@type":"ImageObject","inLanguage":"it-IT","@id":"https:\/\/www.kokulisworld.com\/it\/prodotto\/pendente-claddagh-in-argento\/#primaryimage","url":"https:\/\/www.kokulisworld.com\/wp-content\/uploads\/2025\/03\/colgante-claddagh-en-plata.jpg","contentUrl":"https:\/\/www.kokulisworld.com\/wp-content\/uploads\/2025\/03\/colgante-claddagh-en-plata.jpg","width":1972,"height":2048},{"@type":"BreadcrumbList","@id":"https:\/\/www.kokulisworld.com\/it\/prodotto\/pendente-claddagh-in-argento\/#breadcrumb","itemListElement":[{"@type":"ListItem","position":1,"name":"Portada","item":"https:\/\/www.kokulisworld.com\/it\/"},{"@type":"ListItem","position":2,"name":"Negozio","item":"https:\/\/www.kokulisworld.com\/shop\/"},{"@type":"ListItem","position":3,"name":"Pendente Claddagh in Argento"}]},{"@type":"WebSite","@id":"https:\/\/www.kokulisworld.com\/it\/#website","url":"https:\/\/www.kokulisworld.com\/it\/","name":"Kokulis World","description":"Tienda \u00e9tnica online, productos de artesan\u00edas del mundo","publisher":{"@id":"https:\/\/www.kokulisworld.com\/it\/#organization"},"potentialAction":[{"@type":"SearchAction","target":{"@type":"EntryPoint","urlTemplate":"https:\/\/www.kokulisworld.com\/it\/?s={search_term_string}"},"query-input":{"@type":"PropertyValueSpecification","valueRequired":true,"valueName":"search_term_string"}}],"inLanguage":"it-IT"},{"@type":"Organization","@id":"https:\/\/www.kokulisworld.com\/it\/#organization","name":"Kokuli World","url":"https:\/\/www.kokulisworld.com\/it\/","logo":{"@type":"ImageObject","inLanguage":"it-IT","@id":"https:\/\/www.kokulisworld.com\/it\/#\/schema\/logo\/image\/","url":"https:\/\/www.kokulisworld.com\/wp-content\/uploads\/2025\/03\/logo-kokulis-world.png","contentUrl":"https:\/\/www.kokulisworld.com\/wp-content\/uploads\/2025\/03\/logo-kokulis-world.png","width":440,"height":184,"caption":"Kokuli World"},"image":{"@id":"https:\/\/www.kokulisworld.com\/it\/#\/schema\/logo\/image\/"},"sameAs":["https:\/\/www.facebook.com\/kokulisworld","https:\/\/www.instagram.com\/kokulisworld\/"]}]}},"_links":{"self":[{"href":"https:\/\/www.kokulisworld.com\/it\/wp-json\/wp\/v2\/product\/9660","targetHints":{"allow":["GET"]}}],"collection":[{"href":"https:\/\/www.kokulisworld.com\/it\/wp-json\/wp\/v2\/product"}],"about":[{"href":"https:\/\/www.kokulisworld.com\/it\/wp-json\/wp\/v2\/types\/product"}],"wp:featuredmedia":[{"embeddable":true,"href":"https:\/\/www.kokulisworld.com\/it\/wp-json\/wp\/v2\/media\/6903"}],"wp:attachment":[{"href":"https:\/\/www.kokulisworld.com\/it\/wp-json\/wp\/v2\/media?parent=9660"}],"wp:term":[{"taxonomy":"product_cat","embeddable":true,"href":"https:\/\/www.kokulisworld.com\/it\/wp-json\/wp\/v2\/product_cat?post=9660"},{"taxonomy":"product_tag","embeddable":true,"href":"https:\/\/www.kokulisworld.com\/it\/wp-json\/wp\/v2\/product_tag?post=9660"}],"curies":[{"name":"wp","href":"https:\/\/api.w.org\/{rel}","templated":true}]}}