{"id":9891,"date":"2025-03-26T20:36:24","date_gmt":"2025-03-26T20:36:24","guid":{"rendered":"https:\/\/www.kokulisworld.com\/producto\/runa-ghebo-libra\/"},"modified":"2025-04-04T09:00:41","modified_gmt":"2025-04-04T09:00:41","slug":"runa-ghebo-bilancia","status":"publish","type":"product","link":"https:\/\/www.kokulisworld.com\/it\/prodotto\/runa-ghebo-bilancia\/","title":{"rendered":"Runa Ghebo \u2013 Bilancia"},"content":{"rendered":"<p>Ghebo \u00e8 <strong>una delle rune pi\u00f9 speciali<\/strong>. Il suo simbolo, una \u201cX\u201d, rappresenta <strong>un punto d\u2019incontro, unione o convergenza<\/strong> tra due elementi, ed \u00e8 <strong>sempre associata all\u2019incontro con qualcosa di positivo<\/strong>.<\/p>\n<p>Questa runa \u00e8 <strong>strettamente legata al successo<\/strong>, al ricevere doni, <strong>alla prosperit\u00e0 e all\u2019abbondanza<\/strong>.<\/p>\n<p>Nell\u2019antica societ\u00e0 nordica, <strong>i regali erano un modo per mantenere la pace e l\u2019amicizia<\/strong> tra clan diversi.<\/p>\n<p>Non \u00e8 legata a una divinit\u00e0 specifica, poich\u00e9 <strong>la sua forza nasce dall\u2019energia dello scambio: dare e ricevere<\/strong> in equilibrio.<\/p>\n","protected":false},"excerpt":{"rendered":"<p><strong>Ghebo \u2013 Bilancia (23 settembre \u2013 7 ottobre)<\/strong><br \/>\n<strong>Misura<\/strong>: 2,5 x 1,5 cm<br \/>\nFornita con cordoncino in cuoio nero regolabile<\/p>\n","protected":false},"featured_media":7583,"template":"","meta":[],"product_cat":[254,250],"product_tag":[],"class_list":{"0":"post-9891","1":"product","2":"type-product","3":"status-publish","4":"has-post-thumbnail","6":"product_cat-rune","7":"product_cat-simboli","9":"first","10":"instock","11":"shipping-taxable","12":"purchasable","13":"product-type-simple"},"yoast_head":"<!-- This site is optimized with the Yoast SEO plugin v26.6 - https:\/\/yoast.com\/wordpress\/plugins\/seo\/ -->\n<title>Runa Ghebo \u2013 Bilancia - Kokulis World<\/title>\n<meta name=\"robots\" content=\"index, follow, max-snippet:-1, max-image-preview:large, max-video-preview:-1\" \/>\n<link rel=\"canonical\" href=\"https:\/\/www.kokulisworld.com\/it\/prodotto\/runa-ghebo-bilancia\/\" \/>\n<meta property=\"og:locale\" content=\"it_IT\" \/>\n<meta property=\"og:type\" content=\"article\" \/>\n<meta property=\"og:title\" content=\"Runa Ghebo \u2013 Bilancia - Kokulis World\" \/>\n<meta property=\"og:description\" content=\"Ghebo \u2013 Bilancia (23 settembre \u2013 7 ottobre)  Misura: 2,5 x 1,5 cm  Fornita con cordoncino in cuoio nero regolabile\" \/>\n<meta property=\"og:url\" content=\"https:\/\/www.kokulisworld.com\/it\/prodotto\/runa-ghebo-bilancia\/\" \/>\n<meta property=\"og:site_name\" content=\"Kokulis World\" \/>\n<meta property=\"article:publisher\" content=\"https:\/\/www.facebook.com\/kokulisworld\" \/>\n<meta property=\"article:modified_time\" content=\"2025-04-04T09:00:41+00:00\" \/>\n<meta property=\"og:image\" content=\"https:\/\/www.kokulisworld.com\/wp-content\/uploads\/2025\/03\/runa-ghebo-libra.jpg\" \/>\n\t<meta property=\"og:image:width\" content=\"2048\" \/>\n\t<meta property=\"og:image:height\" content=\"1930\" \/>\n\t<meta property=\"og:image:type\" content=\"image\/jpeg\" \/>\n<meta name=\"twitter:card\" content=\"summary_large_image\" \/>\n<meta name=\"twitter:label1\" content=\"Tempo di lettura stimato\" \/>\n\t<meta name=\"twitter:data1\" content=\"1 minuto\" \/>\n<script type=\"application\/ld+json\" class=\"yoast-schema-graph\">{\"@context\":\"https:\/\/schema.org\",\"@graph\":[{\"@type\":\"WebPage\",\"@id\":\"https:\/\/www.kokulisworld.com\/it\/prodotto\/runa-ghebo-bilancia\/\",\"url\":\"https:\/\/www.kokulisworld.com\/it\/prodotto\/runa-ghebo-bilancia\/\",\"name\":\"Runa Ghebo \u2013 Bilancia - Kokulis World\",\"isPartOf\":{\"@id\":\"https:\/\/www.kokulisworld.com\/it\/#website\"},\"primaryImageOfPage\":{\"@id\":\"https:\/\/www.kokulisworld.com\/it\/prodotto\/runa-ghebo-bilancia\/#primaryimage\"},\"image\":{\"@id\":\"https:\/\/www.kokulisworld.com\/it\/prodotto\/runa-ghebo-bilancia\/#primaryimage\"},\"thumbnailUrl\":\"https:\/\/www.kokulisworld.com\/wp-content\/uploads\/2025\/03\/runa-ghebo-libra.jpg\",\"datePublished\":\"2025-03-26T20:36:24+00:00\",\"dateModified\":\"2025-04-04T09:00:41+00:00\",\"breadcrumb\":{\"@id\":\"https:\/\/www.kokulisworld.com\/it\/prodotto\/runa-ghebo-bilancia\/#breadcrumb\"},\"inLanguage\":\"it-IT\",\"potentialAction\":[{\"@type\":\"ReadAction\",\"target\":[\"https:\/\/www.kokulisworld.com\/it\/prodotto\/runa-ghebo-bilancia\/\"]}]},{\"@type\":\"ImageObject\",\"inLanguage\":\"it-IT\",\"@id\":\"https:\/\/www.kokulisworld.com\/it\/prodotto\/runa-ghebo-bilancia\/#primaryimage\",\"url\":\"https:\/\/www.kokulisworld.com\/wp-content\/uploads\/2025\/03\/runa-ghebo-libra.jpg\",\"contentUrl\":\"https:\/\/www.kokulisworld.com\/wp-content\/uploads\/2025\/03\/runa-ghebo-libra.jpg\",\"width\":2048,\"height\":1930},{\"@type\":\"BreadcrumbList\",\"@id\":\"https:\/\/www.kokulisworld.com\/it\/prodotto\/runa-ghebo-bilancia\/#breadcrumb\",\"itemListElement\":[{\"@type\":\"ListItem\",\"position\":1,\"name\":\"Portada\",\"item\":\"https:\/\/www.kokulisworld.com\/it\/\"},{\"@type\":\"ListItem\",\"position\":2,\"name\":\"Negozio\",\"item\":\"https:\/\/www.kokulisworld.com\/shop\/\"},{\"@type\":\"ListItem\",\"position\":3,\"name\":\"Runa Ghebo \u2013 Bilancia\"}]},{\"@type\":\"WebSite\",\"@id\":\"https:\/\/www.kokulisworld.com\/it\/#website\",\"url\":\"https:\/\/www.kokulisworld.com\/it\/\",\"name\":\"Kokulis World\",\"description\":\"Tienda \u00e9tnica online, productos de artesan\u00edas del mundo\",\"publisher\":{\"@id\":\"https:\/\/www.kokulisworld.com\/it\/#organization\"},\"potentialAction\":[{\"@type\":\"SearchAction\",\"target\":{\"@type\":\"EntryPoint\",\"urlTemplate\":\"https:\/\/www.kokulisworld.com\/it\/?s={search_term_string}\"},\"query-input\":{\"@type\":\"PropertyValueSpecification\",\"valueRequired\":true,\"valueName\":\"search_term_string\"}}],\"inLanguage\":\"it-IT\"},{\"@type\":\"Organization\",\"@id\":\"https:\/\/www.kokulisworld.com\/it\/#organization\",\"name\":\"Kokuli World\",\"url\":\"https:\/\/www.kokulisworld.com\/it\/\",\"logo\":{\"@type\":\"ImageObject\",\"inLanguage\":\"it-IT\",\"@id\":\"https:\/\/www.kokulisworld.com\/it\/#\/schema\/logo\/image\/\",\"url\":\"https:\/\/www.kokulisworld.com\/wp-content\/uploads\/2025\/03\/logo-kokulis-world.png\",\"contentUrl\":\"https:\/\/www.kokulisworld.com\/wp-content\/uploads\/2025\/03\/logo-kokulis-world.png\",\"width\":440,\"height\":184,\"caption\":\"Kokuli World\"},\"image\":{\"@id\":\"https:\/\/www.kokulisworld.com\/it\/#\/schema\/logo\/image\/\"},\"sameAs\":[\"https:\/\/www.facebook.com\/kokulisworld\",\"https:\/\/www.instagram.com\/kokulisworld\/\"]}]}<\/script>\n<!-- \/ Yoast SEO plugin. -->","yoast_head_json":{"title":"Runa Ghebo \u2013 Bilancia - Kokulis World","robots":{"index":"index","follow":"follow","max-snippet":"max-snippet:-1","max-image-preview":"max-image-preview:large","max-video-preview":"max-video-preview:-1"},"canonical":"https:\/\/www.kokulisworld.com\/it\/prodotto\/runa-ghebo-bilancia\/","og_locale":"it_IT","og_type":"article","og_title":"Runa Ghebo \u2013 Bilancia - Kokulis World","og_description":"Ghebo \u2013 Bilancia (23 settembre \u2013 7 ottobre)  Misura: 2,5 x 1,5 cm  Fornita con cordoncino in cuoio nero regolabile","og_url":"https:\/\/www.kokulisworld.com\/it\/prodotto\/runa-ghebo-bilancia\/","og_site_name":"Kokulis World","article_publisher":"https:\/\/www.facebook.com\/kokulisworld","article_modified_time":"2025-04-04T09:00:41+00:00","og_image":[{"width":2048,"height":1930,"url":"https:\/\/www.kokulisworld.com\/wp-content\/uploads\/2025\/03\/runa-ghebo-libra.jpg","type":"image\/jpeg"}],"twitter_card":"summary_large_image","twitter_misc":{"Tempo di lettura stimato":"1 minuto"},"schema":{"@context":"https:\/\/schema.org","@graph":[{"@type":"WebPage","@id":"https:\/\/www.kokulisworld.com\/it\/prodotto\/runa-ghebo-bilancia\/","url":"https:\/\/www.kokulisworld.com\/it\/prodotto\/runa-ghebo-bilancia\/","name":"Runa Ghebo \u2013 Bilancia - Kokulis World","isPartOf":{"@id":"https:\/\/www.kokulisworld.com\/it\/#website"},"primaryImageOfPage":{"@id":"https:\/\/www.kokulisworld.com\/it\/prodotto\/runa-ghebo-bilancia\/#primaryimage"},"image":{"@id":"https:\/\/www.kokulisworld.com\/it\/prodotto\/runa-ghebo-bilancia\/#primaryimage"},"thumbnailUrl":"https:\/\/www.kokulisworld.com\/wp-content\/uploads\/2025\/03\/runa-ghebo-libra.jpg","datePublished":"2025-03-26T20:36:24+00:00","dateModified":"2025-04-04T09:00:41+00:00","breadcrumb":{"@id":"https:\/\/www.kokulisworld.com\/it\/prodotto\/runa-ghebo-bilancia\/#breadcrumb"},"inLanguage":"it-IT","potentialAction":[{"@type":"ReadAction","target":["https:\/\/www.kokulisworld.com\/it\/prodotto\/runa-ghebo-bilancia\/"]}]},{"@type":"ImageObject","inLanguage":"it-IT","@id":"https:\/\/www.kokulisworld.com\/it\/prodotto\/runa-ghebo-bilancia\/#primaryimage","url":"https:\/\/www.kokulisworld.com\/wp-content\/uploads\/2025\/03\/runa-ghebo-libra.jpg","contentUrl":"https:\/\/www.kokulisworld.com\/wp-content\/uploads\/2025\/03\/runa-ghebo-libra.jpg","width":2048,"height":1930},{"@type":"BreadcrumbList","@id":"https:\/\/www.kokulisworld.com\/it\/prodotto\/runa-ghebo-bilancia\/#breadcrumb","itemListElement":[{"@type":"ListItem","position":1,"name":"Portada","item":"https:\/\/www.kokulisworld.com\/it\/"},{"@type":"ListItem","position":2,"name":"Negozio","item":"https:\/\/www.kokulisworld.com\/shop\/"},{"@type":"ListItem","position":3,"name":"Runa Ghebo \u2013 Bilancia"}]},{"@type":"WebSite","@id":"https:\/\/www.kokulisworld.com\/it\/#website","url":"https:\/\/www.kokulisworld.com\/it\/","name":"Kokulis World","description":"Tienda \u00e9tnica online, productos de artesan\u00edas del mundo","publisher":{"@id":"https:\/\/www.kokulisworld.com\/it\/#organization"},"potentialAction":[{"@type":"SearchAction","target":{"@type":"EntryPoint","urlTemplate":"https:\/\/www.kokulisworld.com\/it\/?s={search_term_string}"},"query-input":{"@type":"PropertyValueSpecification","valueRequired":true,"valueName":"search_term_string"}}],"inLanguage":"it-IT"},{"@type":"Organization","@id":"https:\/\/www.kokulisworld.com\/it\/#organization","name":"Kokuli World","url":"https:\/\/www.kokulisworld.com\/it\/","logo":{"@type":"ImageObject","inLanguage":"it-IT","@id":"https:\/\/www.kokulisworld.com\/it\/#\/schema\/logo\/image\/","url":"https:\/\/www.kokulisworld.com\/wp-content\/uploads\/2025\/03\/logo-kokulis-world.png","contentUrl":"https:\/\/www.kokulisworld.com\/wp-content\/uploads\/2025\/03\/logo-kokulis-world.png","width":440,"height":184,"caption":"Kokuli World"},"image":{"@id":"https:\/\/www.kokulisworld.com\/it\/#\/schema\/logo\/image\/"},"sameAs":["https:\/\/www.facebook.com\/kokulisworld","https:\/\/www.instagram.com\/kokulisworld\/"]}]}},"_links":{"self":[{"href":"https:\/\/www.kokulisworld.com\/it\/wp-json\/wp\/v2\/product\/9891","targetHints":{"allow":["GET"]}}],"collection":[{"href":"https:\/\/www.kokulisworld.com\/it\/wp-json\/wp\/v2\/product"}],"about":[{"href":"https:\/\/www.kokulisworld.com\/it\/wp-json\/wp\/v2\/types\/product"}],"wp:featuredmedia":[{"embeddable":true,"href":"https:\/\/www.kokulisworld.com\/it\/wp-json\/wp\/v2\/media\/7583"}],"wp:attachment":[{"href":"https:\/\/www.kokulisworld.com\/it\/wp-json\/wp\/v2\/media?parent=9891"}],"wp:term":[{"taxonomy":"product_cat","embeddable":true,"href":"https:\/\/www.kokulisworld.com\/it\/wp-json\/wp\/v2\/product_cat?post=9891"},{"taxonomy":"product_tag","embeddable":true,"href":"https:\/\/www.kokulisworld.com\/it\/wp-json\/wp\/v2\/product_tag?post=9891"}],"curies":[{"name":"wp","href":"https:\/\/api.w.org\/{rel}","templated":true}]}}