{"id":9905,"date":"2025-03-26T20:25:40","date_gmt":"2025-03-26T20:25:40","guid":{"rendered":"https:\/\/www.kokulisworld.com\/producto\/rune-isa-aquarius\/"},"modified":"2025-04-04T09:11:15","modified_gmt":"2025-04-04T09:11:15","slug":"runa-isa-acquario","status":"publish","type":"product","link":"https:\/\/www.kokulisworld.com\/it\/prodotto\/runa-isa-acquario\/","title":{"rendered":"Runa Isa \u2013 Acquario"},"content":{"rendered":"<p>Isa \u00e8 <strong>una runa legata alla pausa e all\u2019immobilit\u00e0<\/strong>.<br \/>\nIl momento non \u00e8 favorevole, perci\u00f2 \u00e8 meglio <strong>fermare ogni azione<\/strong> e <strong>attendere che l\u2019inverno passi<\/strong>.<br \/>\nFermare ci\u00f2 che era in corso pu\u00f2 rivelarsi saggio in attesa di condizioni pi\u00f9 propizie.<\/p>\n<p>Il ghiaccio, elemento simbolico di questa runa, rappresenta il congelamento:<br \/>\n<strong>le cose possono conservarsi, ma anche spezzarsi<\/strong>.<br \/>\nIl freddo ostacola ogni situazione, e <strong>il ghiaccio pu\u00f2 diventare una trappola<\/strong>, sottile e insidiosa.<\/p>\n<p><strong>Tradimento, imboscate, pericoli improvvisi<\/strong> sono anch\u2019essi rappresentati da Isa, come una tormenta che coglie di sorpresa.<br \/>\nQuando il momento \u00e8 sfavorevole ma passeggero, <strong>\u00e8 meglio sospendere e non agire<\/strong>.<br \/>\nIl raccoglimento pu\u00f2 generare creativit\u00e0 e, quando il gelo sar\u00e0 passato, si potr\u00e0 rifiorire.<\/p>\n<p><strong>Non esiste una divinit\u00e0 norrena associata a Isa<\/strong>; in questo caso la runa \u00e8 collegata al <strong>reame di Niflheim<\/strong>,<br \/>\n<strong>il Regno del Ghiaccio<\/strong>: buio, inospitale, dove giungono i criminali e coloro che sono morti di vecchiaia o malattia.<br \/>\n<strong>\u00c8 l\u2019opposto di Valhalla, dove vanno i guerrieri caduti in battaglia<\/strong>.<\/p>\n","protected":false},"excerpt":{"rendered":"<p><strong>Isa \u2013 Acquario (20 gennaio \u2013 3 febbraio)<\/strong><br \/>\n<strong>Misura<\/strong>: 2,8 x 1 cm  <\/p>\n","protected":false},"featured_media":7548,"template":"","meta":[],"product_cat":[254,250],"product_tag":[],"class_list":{"0":"post-9905","1":"product","2":"type-product","3":"status-publish","4":"has-post-thumbnail","6":"product_cat-rune","7":"product_cat-simboli","9":"first","10":"instock","11":"shipping-taxable","12":"purchasable","13":"product-type-simple"},"yoast_head":"<!-- This site is optimized with the Yoast SEO plugin v26.6 - https:\/\/yoast.com\/wordpress\/plugins\/seo\/ -->\n<title>Runa Isa \u2013 Acquario - Kokulis World<\/title>\n<meta name=\"robots\" content=\"index, follow, max-snippet:-1, max-image-preview:large, max-video-preview:-1\" \/>\n<link rel=\"canonical\" href=\"https:\/\/www.kokulisworld.com\/it\/prodotto\/runa-isa-acquario\/\" \/>\n<meta property=\"og:locale\" content=\"it_IT\" \/>\n<meta property=\"og:type\" content=\"article\" \/>\n<meta property=\"og:title\" content=\"Runa Isa \u2013 Acquario - Kokulis World\" \/>\n<meta property=\"og:description\" content=\"Isa \u2013 Acquario (20 gennaio \u2013 3 febbraio)  Misura: 2,8 x 1 cm\" \/>\n<meta property=\"og:url\" content=\"https:\/\/www.kokulisworld.com\/it\/prodotto\/runa-isa-acquario\/\" \/>\n<meta property=\"og:site_name\" content=\"Kokulis World\" \/>\n<meta property=\"article:publisher\" content=\"https:\/\/www.facebook.com\/kokulisworld\" \/>\n<meta property=\"article:modified_time\" content=\"2025-04-04T09:11:15+00:00\" \/>\n<meta property=\"og:image\" content=\"https:\/\/www.kokulisworld.com\/wp-content\/uploads\/2025\/03\/rune-isa-aquarius.jpg\" \/>\n\t<meta property=\"og:image:width\" content=\"1963\" \/>\n\t<meta property=\"og:image:height\" content=\"2048\" \/>\n\t<meta property=\"og:image:type\" content=\"image\/jpeg\" \/>\n<meta name=\"twitter:card\" content=\"summary_large_image\" \/>\n<meta name=\"twitter:label1\" content=\"Tempo di lettura stimato\" \/>\n\t<meta name=\"twitter:data1\" content=\"2 minuti\" \/>\n<script type=\"application\/ld+json\" class=\"yoast-schema-graph\">{\"@context\":\"https:\/\/schema.org\",\"@graph\":[{\"@type\":\"WebPage\",\"@id\":\"https:\/\/www.kokulisworld.com\/it\/prodotto\/runa-isa-acquario\/\",\"url\":\"https:\/\/www.kokulisworld.com\/it\/prodotto\/runa-isa-acquario\/\",\"name\":\"Runa Isa \u2013 Acquario - Kokulis World\",\"isPartOf\":{\"@id\":\"https:\/\/www.kokulisworld.com\/it\/#website\"},\"primaryImageOfPage\":{\"@id\":\"https:\/\/www.kokulisworld.com\/it\/prodotto\/runa-isa-acquario\/#primaryimage\"},\"image\":{\"@id\":\"https:\/\/www.kokulisworld.com\/it\/prodotto\/runa-isa-acquario\/#primaryimage\"},\"thumbnailUrl\":\"https:\/\/www.kokulisworld.com\/wp-content\/uploads\/2025\/03\/rune-isa-aquarius.jpg\",\"datePublished\":\"2025-03-26T20:25:40+00:00\",\"dateModified\":\"2025-04-04T09:11:15+00:00\",\"breadcrumb\":{\"@id\":\"https:\/\/www.kokulisworld.com\/it\/prodotto\/runa-isa-acquario\/#breadcrumb\"},\"inLanguage\":\"it-IT\",\"potentialAction\":[{\"@type\":\"ReadAction\",\"target\":[\"https:\/\/www.kokulisworld.com\/it\/prodotto\/runa-isa-acquario\/\"]}]},{\"@type\":\"ImageObject\",\"inLanguage\":\"it-IT\",\"@id\":\"https:\/\/www.kokulisworld.com\/it\/prodotto\/runa-isa-acquario\/#primaryimage\",\"url\":\"https:\/\/www.kokulisworld.com\/wp-content\/uploads\/2025\/03\/rune-isa-aquarius.jpg\",\"contentUrl\":\"https:\/\/www.kokulisworld.com\/wp-content\/uploads\/2025\/03\/rune-isa-aquarius.jpg\",\"width\":1963,\"height\":2048},{\"@type\":\"BreadcrumbList\",\"@id\":\"https:\/\/www.kokulisworld.com\/it\/prodotto\/runa-isa-acquario\/#breadcrumb\",\"itemListElement\":[{\"@type\":\"ListItem\",\"position\":1,\"name\":\"Portada\",\"item\":\"https:\/\/www.kokulisworld.com\/it\/\"},{\"@type\":\"ListItem\",\"position\":2,\"name\":\"Negozio\",\"item\":\"https:\/\/www.kokulisworld.com\/shop\/\"},{\"@type\":\"ListItem\",\"position\":3,\"name\":\"Runa Isa \u2013 Acquario\"}]},{\"@type\":\"WebSite\",\"@id\":\"https:\/\/www.kokulisworld.com\/it\/#website\",\"url\":\"https:\/\/www.kokulisworld.com\/it\/\",\"name\":\"Kokulis World\",\"description\":\"Tienda \u00e9tnica online, productos de artesan\u00edas del mundo\",\"publisher\":{\"@id\":\"https:\/\/www.kokulisworld.com\/it\/#organization\"},\"potentialAction\":[{\"@type\":\"SearchAction\",\"target\":{\"@type\":\"EntryPoint\",\"urlTemplate\":\"https:\/\/www.kokulisworld.com\/it\/?s={search_term_string}\"},\"query-input\":{\"@type\":\"PropertyValueSpecification\",\"valueRequired\":true,\"valueName\":\"search_term_string\"}}],\"inLanguage\":\"it-IT\"},{\"@type\":\"Organization\",\"@id\":\"https:\/\/www.kokulisworld.com\/it\/#organization\",\"name\":\"Kokuli World\",\"url\":\"https:\/\/www.kokulisworld.com\/it\/\",\"logo\":{\"@type\":\"ImageObject\",\"inLanguage\":\"it-IT\",\"@id\":\"https:\/\/www.kokulisworld.com\/it\/#\/schema\/logo\/image\/\",\"url\":\"https:\/\/www.kokulisworld.com\/wp-content\/uploads\/2025\/03\/logo-kokulis-world.png\",\"contentUrl\":\"https:\/\/www.kokulisworld.com\/wp-content\/uploads\/2025\/03\/logo-kokulis-world.png\",\"width\":440,\"height\":184,\"caption\":\"Kokuli World\"},\"image\":{\"@id\":\"https:\/\/www.kokulisworld.com\/it\/#\/schema\/logo\/image\/\"},\"sameAs\":[\"https:\/\/www.facebook.com\/kokulisworld\",\"https:\/\/www.instagram.com\/kokulisworld\/\"]}]}<\/script>\n<!-- \/ Yoast SEO plugin. -->","yoast_head_json":{"title":"Runa Isa \u2013 Acquario - Kokulis World","robots":{"index":"index","follow":"follow","max-snippet":"max-snippet:-1","max-image-preview":"max-image-preview:large","max-video-preview":"max-video-preview:-1"},"canonical":"https:\/\/www.kokulisworld.com\/it\/prodotto\/runa-isa-acquario\/","og_locale":"it_IT","og_type":"article","og_title":"Runa Isa \u2013 Acquario - Kokulis World","og_description":"Isa \u2013 Acquario (20 gennaio \u2013 3 febbraio)  Misura: 2,8 x 1 cm","og_url":"https:\/\/www.kokulisworld.com\/it\/prodotto\/runa-isa-acquario\/","og_site_name":"Kokulis World","article_publisher":"https:\/\/www.facebook.com\/kokulisworld","article_modified_time":"2025-04-04T09:11:15+00:00","og_image":[{"width":1963,"height":2048,"url":"https:\/\/www.kokulisworld.com\/wp-content\/uploads\/2025\/03\/rune-isa-aquarius.jpg","type":"image\/jpeg"}],"twitter_card":"summary_large_image","twitter_misc":{"Tempo di lettura stimato":"2 minuti"},"schema":{"@context":"https:\/\/schema.org","@graph":[{"@type":"WebPage","@id":"https:\/\/www.kokulisworld.com\/it\/prodotto\/runa-isa-acquario\/","url":"https:\/\/www.kokulisworld.com\/it\/prodotto\/runa-isa-acquario\/","name":"Runa Isa \u2013 Acquario - Kokulis World","isPartOf":{"@id":"https:\/\/www.kokulisworld.com\/it\/#website"},"primaryImageOfPage":{"@id":"https:\/\/www.kokulisworld.com\/it\/prodotto\/runa-isa-acquario\/#primaryimage"},"image":{"@id":"https:\/\/www.kokulisworld.com\/it\/prodotto\/runa-isa-acquario\/#primaryimage"},"thumbnailUrl":"https:\/\/www.kokulisworld.com\/wp-content\/uploads\/2025\/03\/rune-isa-aquarius.jpg","datePublished":"2025-03-26T20:25:40+00:00","dateModified":"2025-04-04T09:11:15+00:00","breadcrumb":{"@id":"https:\/\/www.kokulisworld.com\/it\/prodotto\/runa-isa-acquario\/#breadcrumb"},"inLanguage":"it-IT","potentialAction":[{"@type":"ReadAction","target":["https:\/\/www.kokulisworld.com\/it\/prodotto\/runa-isa-acquario\/"]}]},{"@type":"ImageObject","inLanguage":"it-IT","@id":"https:\/\/www.kokulisworld.com\/it\/prodotto\/runa-isa-acquario\/#primaryimage","url":"https:\/\/www.kokulisworld.com\/wp-content\/uploads\/2025\/03\/rune-isa-aquarius.jpg","contentUrl":"https:\/\/www.kokulisworld.com\/wp-content\/uploads\/2025\/03\/rune-isa-aquarius.jpg","width":1963,"height":2048},{"@type":"BreadcrumbList","@id":"https:\/\/www.kokulisworld.com\/it\/prodotto\/runa-isa-acquario\/#breadcrumb","itemListElement":[{"@type":"ListItem","position":1,"name":"Portada","item":"https:\/\/www.kokulisworld.com\/it\/"},{"@type":"ListItem","position":2,"name":"Negozio","item":"https:\/\/www.kokulisworld.com\/shop\/"},{"@type":"ListItem","position":3,"name":"Runa Isa \u2013 Acquario"}]},{"@type":"WebSite","@id":"https:\/\/www.kokulisworld.com\/it\/#website","url":"https:\/\/www.kokulisworld.com\/it\/","name":"Kokulis World","description":"Tienda \u00e9tnica online, productos de artesan\u00edas del mundo","publisher":{"@id":"https:\/\/www.kokulisworld.com\/it\/#organization"},"potentialAction":[{"@type":"SearchAction","target":{"@type":"EntryPoint","urlTemplate":"https:\/\/www.kokulisworld.com\/it\/?s={search_term_string}"},"query-input":{"@type":"PropertyValueSpecification","valueRequired":true,"valueName":"search_term_string"}}],"inLanguage":"it-IT"},{"@type":"Organization","@id":"https:\/\/www.kokulisworld.com\/it\/#organization","name":"Kokuli World","url":"https:\/\/www.kokulisworld.com\/it\/","logo":{"@type":"ImageObject","inLanguage":"it-IT","@id":"https:\/\/www.kokulisworld.com\/it\/#\/schema\/logo\/image\/","url":"https:\/\/www.kokulisworld.com\/wp-content\/uploads\/2025\/03\/logo-kokulis-world.png","contentUrl":"https:\/\/www.kokulisworld.com\/wp-content\/uploads\/2025\/03\/logo-kokulis-world.png","width":440,"height":184,"caption":"Kokuli World"},"image":{"@id":"https:\/\/www.kokulisworld.com\/it\/#\/schema\/logo\/image\/"},"sameAs":["https:\/\/www.facebook.com\/kokulisworld","https:\/\/www.instagram.com\/kokulisworld\/"]}]}},"_links":{"self":[{"href":"https:\/\/www.kokulisworld.com\/it\/wp-json\/wp\/v2\/product\/9905","targetHints":{"allow":["GET"]}}],"collection":[{"href":"https:\/\/www.kokulisworld.com\/it\/wp-json\/wp\/v2\/product"}],"about":[{"href":"https:\/\/www.kokulisworld.com\/it\/wp-json\/wp\/v2\/types\/product"}],"wp:featuredmedia":[{"embeddable":true,"href":"https:\/\/www.kokulisworld.com\/it\/wp-json\/wp\/v2\/media\/7548"}],"wp:attachment":[{"href":"https:\/\/www.kokulisworld.com\/it\/wp-json\/wp\/v2\/media?parent=9905"}],"wp:term":[{"taxonomy":"product_cat","embeddable":true,"href":"https:\/\/www.kokulisworld.com\/it\/wp-json\/wp\/v2\/product_cat?post=9905"},{"taxonomy":"product_tag","embeddable":true,"href":"https:\/\/www.kokulisworld.com\/it\/wp-json\/wp\/v2\/product_tag?post=9905"}],"curies":[{"name":"wp","href":"https:\/\/api.w.org\/{rel}","templated":true}]}}